{"id":76,"date":"2018-02-13T23:58:12","date_gmt":"2018-02-13T22:58:12","guid":{"rendered":"http:\/\/sabols.atknet.sk\/wordpress\/?page_id=76"},"modified":"2026-01-12T02:29:53","modified_gmt":"2026-01-12T01:29:53","slug":"prve-sv-prijimanie","status":"publish","type":"page","link":"https:\/\/farnostvinne.sk\/?page_id=76","title":{"rendered":"Prv\u00e9 sv\u00e4t\u00e9 prij\u00edmanie"},"content":{"rendered":"\n<p><\/p>\n\n\n<hr \/>\n<h2 style=\"text-align: center;\"><span style=\"color: #ff0000;\"><strong><img loading=\"lazy\" decoding=\"async\" class=\" wp-image-2061 alignleft\" src=\"http:\/\/farnostvinne.sk\/wp-content\/uploads\/2020\/05\/pict_201606221425024aj.jpg\" alt=\"\" width=\"77\" height=\"106\" \/>Prv\u00e9 sv\u00e4t\u00e9 prij\u00edmanie v na\u0161ej farnosti bude 24.05.2026 o 10:30<\/strong><\/span><\/h2>\n<hr \/>\n<a href=\"https:\/\/farnostvinne.sk\/wp-content\/uploads\/2025\/09\/Prihlaska-prve-sv.-prijimanie-202526.pdf\" class=\"pdfemb-viewer\" style=\"\" data-width=\"max\" data-height=\"max\"  data-toolbar=\"bottom\" data-toolbar-fixed=\"off\">Prihl\u00e1\u0161ka prv\u00e9 sv. prij\u00edmanie 2025:26<br\/><\/a>\n<hr \/>\n\n<a href=\"https:\/\/farnostvinne.sk\/wp-content\/uploads\/2020\/05\/Spovedn\u00e9_zrkadlo.pdf\" class=\"pdfemb-viewer\" style=\"\" data-width=\"max\" data-height=\"max\"  data-toolbar=\"bottom\" data-toolbar-fixed=\"off\">Spovedn\u00e9_zrkadlo<br\/><\/a>\n<p class=\"wp-block-pdfemb-pdf-embedder-viewer\"><\/p>\n\n\n<a href=\"https:\/\/farnostvinne.sk\/wp-content\/uploads\/2020\/07\/Denn\u00edk-j\u00fal-pdf..pdf\" class=\"pdfemb-viewer\" style=\"\" data-width=\"max\" data-height=\"max\"  data-toolbar=\"bottom\" data-toolbar-fixed=\"off\">Denn\u00edk-j\u00fal-pdf.<br\/><\/a>\n<p class=\"wp-block-pdfemb-pdf-embedder-viewer\"><\/p>\n\n\n<a href=\"https:\/\/farnostvinne.sk\/wp-content\/uploads\/2020\/05\/bl-imelda.pdf\" class=\"pdfemb-viewer\" style=\"\" data-width=\"max\" data-height=\"max\"  data-toolbar=\"bottom\" data-toolbar-fixed=\"off\">bl-imelda<br\/><\/a>\n<p class=\"wp-block-pdfemb-pdf-embedder-viewer\"><\/p>\n\n\n<a href=\"https:\/\/farnostvinne.sk\/wp-content\/uploads\/2020\/05\/Maj_mesiac_Panny_Marie_KPKC.pdf\" class=\"pdfemb-viewer\" style=\"\" data-width=\"max\" data-height=\"max\"  data-toolbar=\"bottom\" data-toolbar-fixed=\"off\">Maj_mesiac_Panny_Marie_KPKC<br\/><\/a>\n<p class=\"wp-block-pdfemb-pdf-embedder-viewer\"><\/p>\n\n\n<div class=\"wnd-page cs-gray ac-dolly\">\n<div id=\"wrapper\" class=\"l-w cf t-26\">\n<div id=\"content\">\n<div class=\"section-wrapper cf\">\n<div class=\"section-wrapper-content cf\">\n<section class=\"s section padding-up-down default-01 design-01 sc-dgray\">\n<div class=\"section-inner\">\n<div class=\"content cf wnd-no-cols\">\n<div class=\"text b b-text cf design-01\">\n<div class=\"text-content\">\u00a0<\/div>\n<\/div>\n<div class=\"text b b-text cf design-01\">\n<div class=\"text-content\">\n<div id='gallery-1' class='gallery galleryid-76 gallery-columns-5 gallery-size-thumbnail'><figure class='gallery-item'>\n\t\t\t<div class='gallery-icon portrait'>\n\t\t\t\t<a href='https:\/\/farnostvinne.sk\/?attachment_id=2010'><img loading=\"lazy\" decoding=\"async\" width=\"150\" height=\"150\" src=\"https:\/\/farnostvinne.sk\/wp-content\/uploads\/2020\/05\/BF548DF1-1A25-4FBA-A826-73CE85A00459-150x150.jpeg\" class=\"attachment-thumbnail size-thumbnail\" alt=\"\" aria-describedby=\"gallery-1-2010\" \/><\/a>\n\t\t\t<\/div>\n\t\t\t\t<figcaption class='wp-caption-text gallery-caption' id='gallery-1-2010'>\n\t\t\t\tKonaj dobr\u00e9 skutky a vyfarbi obr\u00e1zok.\n\t\t\t\t<\/figcaption><\/figure><figure class='gallery-item'>\n\t\t\t<div class='gallery-icon landscape'>\n\t\t\t\t<a href='https:\/\/farnostvinne.sk\/?attachment_id=1980'><img loading=\"lazy\" decoding=\"async\" width=\"150\" height=\"150\" src=\"https:\/\/farnostvinne.sk\/wp-content\/uploads\/2020\/04\/Screenshot_20200429-195746-150x150.jpg\" class=\"attachment-thumbnail size-thumbnail\" alt=\"\" \/><\/a>\n\t\t\t<\/div><\/figure><figure class='gallery-item'>\n\t\t\t<div class='gallery-icon landscape'>\n\t\t\t\t<a href='https:\/\/farnostvinne.sk\/?attachment_id=1981'><img loading=\"lazy\" decoding=\"async\" width=\"150\" height=\"150\" src=\"https:\/\/farnostvinne.sk\/wp-content\/uploads\/2020\/04\/Screenshot_20200429-195802-150x150.jpg\" class=\"attachment-thumbnail size-thumbnail\" alt=\"\" \/><\/a>\n\t\t\t<\/div><\/figure><figure class='gallery-item'>\n\t\t\t<div class='gallery-icon landscape'>\n\t\t\t\t<a href='https:\/\/farnostvinne.sk\/?attachment_id=1982'><img loading=\"lazy\" decoding=\"async\" width=\"150\" height=\"150\" src=\"https:\/\/farnostvinne.sk\/wp-content\/uploads\/2020\/04\/Screenshot_20200429-195811-150x150.jpg\" class=\"attachment-thumbnail size-thumbnail\" alt=\"\" \/><\/a>\n\t\t\t<\/div><\/figure>\n\t\t<\/div>\n\n<hr \/>\n<h4><strong><span style=\"color: #0000ff;\">Sviatos\u0165 zmierenia<\/span><\/strong><\/h4>\n<p><span style=\"color: #000000;\">prezent\u00e1cia \u2013<\/span><span style=\"color: #0000ff;\"><a style=\"color: #0000ff;\" href=\"http:\/\/katecheza.marianky.sk\/wp-content\/uploads\/2017\/09\/priebeh_sv_spovede.ppt\">priebeh_sv_spovede<\/a><\/span><\/p>\n<hr \/>\n<h4><strong><span style=\"color: #0000ff;\">Sviatosti<\/span><\/strong><\/h4>\n<p><span style=\"color: #000000;\">\u2013 prezent\u00e1cia &#8211;<\/span>\u00a0<a href=\"http:\/\/katecheza.marianky.sk\/wp-content\/uploads\/2017\/09\/SVIATOSTI.ppt\"><span style=\"color: #0000ff;\">Sviatosti<\/span><\/a><\/p>\n<hr \/>\n<p><a style=\"font-size: inherit;\" href=\"https:\/\/www.tvlux.sk\/archiv\/play\/11080\"><span style=\"color: #0000ff;\"><strong>Desatoro<\/strong><\/span><\/a><\/p>\n<\/div>\n<\/div>\n<\/div>\n<\/div>\n<\/section>\n<\/div>\n<\/div>\n<\/div>\n<\/div>\n<\/div>\n<p style=\"text-align: left;\"><span style=\"color: #0000ff;\"><strong><a style=\"color: #0000ff;\" href=\"https:\/\/www.tvlux.sk\/archiv\/play\/11079\">\u010co je\u0161 hriech<\/a>?<\/strong><\/span><\/p>\n<p><strong><a href=\"https:\/\/www.tvlux.sk\/archiv\/play\/11082\"><span style=\"color: #0000ff;\">\u010co je spove\u010f?<\/span><\/a><\/strong><\/p>\n<p><a href=\"https:\/\/www.tvlux.sk\/archiv\/play\/11106\"><strong><span style=\"color: #0000ff;\">\u010co je modlitba?<\/span><\/strong><\/a><\/p>\n<p><strong><a href=\"https:\/\/www.tvlux.sk\/archiv\/play\/11108\"><span style=\"color: #0000ff;\">Modlitba Ot\u010de n\u00e1\u0161\u00a0<\/span><\/a><\/strong><\/p>\n<p><a href=\"https:\/\/www.tvlux.sk\/archiv\/play\/11063\"><span style=\"color: #0000ff;\"><strong>Prv\u00fd hriech a dedi\u010dn\u00fd hriech<\/strong><\/span><\/a><\/p>\n<hr \/>\n<h4 class=\"entry-title\"><span style=\"color: #008000;\"><a style=\"color: #008000;\" href=\"http:\/\/katecheza.marianky.sk\/test-pre-prvoprijimajuce-deti\/\">Test pre prvoprij\u00edmaj\u00face deti<\/a><\/span><\/h4>\n<hr \/>\n<p class=\"wnd-align-center\"><span style=\"color: #000000;\">Prvoprij\u00edmaj\u00faci by mali by\u0165 ka\u017ed\u00fa nede\u013eu na sv. om\u0161i a nav\u0161tevova\u0165 n\u00e1bo\u017eensk\u00fa v\u00fdchovu v \u0161kole, do ktorej chodia. Vrelo odpor\u00fa\u010dame aj \u00fa\u010das\u0165 na piatkov\u00fdch sv. om\u0161iach, kde sa deti zap\u00e1jaj\u00fa do spievania pesni\u010dkami a tan\u010dekom. Rovnako aj \u00fa\u010das\u0165 na tvoriv\u00fdch stretk\u00e1ch &#8211;\u00a0<span class=\"wsw-17\"><b>bli\u017e\u0161ie info v \u010dasti Deti.<\/b><\/span><\/span><\/p>\n<p class=\"wnd-align-center\"><span style=\"color: #000000;\"><b><span class=\"wsw-17\">V\u0161etky d\u00f4le\u017eit\u00e9 inform\u00e1cie o stretnutiach prvoprij\u00edmaj\u00facich s\u00fa v\u017edy vyhl\u00e1sen\u00e9 pri nede\u013en\u00fdch oznamoch po sv. om\u0161i.\u00a0<\/span><\/b><\/span><\/p>\n<p class=\"wnd-align-center\"><span style=\"color: #000000;\">Na sv\u00e4t\u00e9 prij\u00edmanie a sv\u00e4t\u00fa spove\u010f m\u00f4\u017eu prist\u00fapi\u0165 len pokrsten\u00e9 deti.Z\u00e1kladn\u00fa pr\u00edpravu absolvuj\u00fa deti v \u0161kole po\u010das vyu\u010dovania n\u00e1bo\u017eenskej v\u00fdchovy. Bezprostredn\u00fa pr\u00edpravu tvoria stretnutia v kostole.<\/span><\/p>\n<p class=\"wnd-align-center\"><span style=\"color: #000000;\">T\u00ed, ktor\u00ed nie s\u00fa z na\u0161ej farnosti potrebuj\u00fa prinies\u0165 povolenie od spr\u00e1vcu farnosti, v ktorej \u017eij\u00fa.<\/span><\/p>\n<p class=\"wnd-align-center\"><span style=\"color: #000000;\">Deti, ktor\u00e9 neboli pokrsten\u00e9 v na\u0161ej farnosti, musia predlo\u017ei\u0165 potvrdenie o krste z farnosti, kde boli pokrsten\u00e9 &#8211; potvrdenie odovzda\u0165 v sakristii kostola, alebo donies\u0165 na n\u00e1cvik.<\/span><\/p>\n<p class=\"wnd-align-center\"><span style=\"color: #000000;\"><b><span class=\"wsw-09\">Vedomosti, ktor\u00e9 by mali deti ovl\u00e1da\u0165:<\/span><\/b><\/span><\/p>\n<p class=\"wnd-align-center\"><span style=\"color: #000000;\">&#8211; z\u00e1kladn\u00e9 modlitby (Ot\u010de n\u00e1\u0161, Zdravas M\u00e1ria, Sl\u00e1va Otcu, Ver\u00edm v Boha, Modlitbu \u013e\u00fatosti&#8230;)<\/span><\/p>\n<p class=\"wnd-align-center\"><span style=\"color: #000000;\">&#8211; u\u010divo n\u00e1bo\u017eenskej v\u00fdchovy (NAV) 3. ro\u010dn\u00edka z\u00e1kladnej \u0161koly<\/span><\/p>\n<p class=\"wnd-align-center\"><span style=\"color: #000000;\">&#8211; vedie\u0165 vymenova\u0165 Desatoro Bo\u017e\u00edch prik\u00e1zan\u00ed, P\u00e4toro cirkevn\u00fdch prik\u00e1zan\u00ed, Sedem sviatost\u00ed, 6 hlavn\u00fdch pr\u00e1vd<\/span><\/p>\n<p class=\"wnd-align-center\"><span style=\"color: #000000;\">&#8211; bli\u017e\u0161ie sa rozoberaj\u00fa aj na hodin\u00e1ch NAV<\/span><\/p>\n<p class=\"wnd-align-center\"><span style=\"color: #000000;\">&#8211; vedie\u0165 postup pri sv. spovedi<\/span><\/p>\n<p class=\"wnd-align-center\"><span style=\"color: #000000;\">&#8211; ako sa na \u0148u pripravi\u0165, ako sa spoveda\u0165, vykona\u0165 zados\u0165u\u010dinenie&#8230;<\/span><\/p>\n<p class=\"wnd-align-center\"><span style=\"color: #000000;\">&#8211; pozna\u0165 priebeh sv. om\u0161e&#8230;<\/span><\/p>\n\n\n<p><\/p>\n\n\n\n<p><\/p>\n","protected":false},"excerpt":{"rendered":"<p>Prv\u00e9 sv\u00e4t\u00e9 prij\u00edmanie v na\u0161ej farnosti bude 24.05.2026 o 10:30 \u00a0 Sviatos\u0165 zmierenia prezent\u00e1cia \u2013priebeh_sv_spovede Sviatosti \u2013 prezent\u00e1cia &#8211;\u00a0Sviatosti Desatoro \u010co je\u0161 hriech? \u010co je spove\u010f? \u010co je modlitba? Modlitba Ot\u010de n\u00e1\u0161\u00a0 Prv\u00fd hriech a dedi\u010dn\u00fd hriech Test pre prvoprij\u00edmaj\u00face deti Prvoprij\u00edmaj\u00faci by mali by\u0165 ka\u017ed\u00fa nede\u013eu na sv. om\u0161i a nav\u0161tevova\u0165 n\u00e1bo\u017eensk\u00fa v\u00fdchovu v [&hellip;]<\/p>\n","protected":false},"author":2,"featured_media":0,"parent":0,"menu_order":0,"comment_status":"closed","ping_status":"closed","template":"","meta":{"_monsterinsights_skip_tracking":false,"_monsterinsights_sitenote_active":false,"_monsterinsights_sitenote_note":"","_monsterinsights_sitenote_category":0,"footnotes":""},"class_list":["post-76","page","type-page","status-publish","hentry"],"_links":{"self":[{"href":"https:\/\/farnostvinne.sk\/index.php?rest_route=\/wp\/v2\/pages\/76","targetHints":{"allow":["GET"]}}],"collection":[{"href":"https:\/\/farnostvinne.sk\/index.php?rest_route=\/wp\/v2\/pages"}],"about":[{"href":"https:\/\/farnostvinne.sk\/index.php?rest_route=\/wp\/v2\/types\/page"}],"author":[{"embeddable":true,"href":"https:\/\/farnostvinne.sk\/index.php?rest_route=\/wp\/v2\/users\/2"}],"replies":[{"embeddable":true,"href":"https:\/\/farnostvinne.sk\/index.php?rest_route=%2Fwp%2Fv2%2Fcomments&post=76"}],"version-history":[{"count":5,"href":"https:\/\/farnostvinne.sk\/index.php?rest_route=\/wp\/v2\/pages\/76\/revisions"}],"predecessor-version":[{"id":7232,"href":"https:\/\/farnostvinne.sk\/index.php?rest_route=\/wp\/v2\/pages\/76\/revisions\/7232"}],"wp:attachment":[{"href":"https:\/\/farnostvinne.sk\/index.php?rest_route=%2Fwp%2Fv2%2Fmedia&parent=76"}],"curies":[{"name":"wp","href":"https:\/\/api.w.org\/{rel}","templated":true}]}}