{"id":319,"date":"2019-10-25T19:07:35","date_gmt":"2019-10-25T17:07:35","guid":{"rendered":"https:\/\/www.farnostrozhanovce.sk\/?page_id=319"},"modified":"2020-06-22T08:52:56","modified_gmt":"2020-06-22T06:52:56","slug":"galeria","status":"publish","type":"page","link":"https:\/\/farnostvinne.sk\/?page_id=319","title":{"rendered":"Gal\u00e9ria"},"content":{"rendered":"<hr \/>\n<h4><strong><span style=\"color: #000000;\"><img loading=\"lazy\" decoding=\"async\" class=\"alignleft  wp-image-1694\" src=\"http:\/\/farnostvinne.sk\/wp-content\/uploads\/2020\/04\/DSC00430-200x300.jpg\" alt=\"\" width=\"115\" height=\"173\" srcset=\"https:\/\/farnostvinne.sk\/wp-content\/uploads\/2020\/04\/DSC00430-200x300.jpg 200w, https:\/\/farnostvinne.sk\/wp-content\/uploads\/2020\/04\/DSC00430-683x1024.jpg 683w, https:\/\/farnostvinne.sk\/wp-content\/uploads\/2020\/04\/DSC00430-768x1152.jpg 768w, https:\/\/farnostvinne.sk\/wp-content\/uploads\/2020\/04\/DSC00430-1024x1536.jpg 1024w, https:\/\/farnostvinne.sk\/wp-content\/uploads\/2020\/04\/DSC00430-1365x2048.jpg 1365w, https:\/\/farnostvinne.sk\/wp-content\/uploads\/2020\/04\/DSC00430-scaled.jpg 1707w\" sizes=\"auto, (max-width: 115px) 100vw, 115px\" \/><a href=\"https:\/\/sites.google.com\/view\/vinnerimkat\/fotogal%C3%A9ria\"><span style=\"color: #ff0000;\">\u010eal\u0161ie fotografie z na\u0161ej farnosti si m\u00f4\u017eete pozrie\u0165 na <span style=\"color: #0000ff;\">zobrazi\u0165<\/span><\/span><\/a><\/span><\/strong><\/h4>\n<p>\u00a0<\/p>\n<hr \/>\n\n\n\n<style type=\"text\/css\" scoped>.roboGalleryLoaderSpinner{margin:50px auto;width:50px;height:40px;text-align:center;font-size:10px;}.roboGalleryLoaderSpinner > div{background-color:#333; height:100%; width:6px; display:inline-block; -webkit-animation:roboGalleryLoader-stretchdelay 1.2s infinite ease-in-out; animation:roboGalleryLoader-stretchdelay 1.2s infinite ease-in-out;}.roboGalleryLoaderSpinner .roboGalleryLoaderRect2{-webkit-animation-delay:-1.1s; animation-delay:-1.1s;}.roboGalleryLoaderSpinner .roboGalleryLoaderRect3{-webkit-animation-delay:-1.0s; animation-delay:-1.0s;}.roboGalleryLoaderSpinner .roboGalleryLoaderRect4{-webkit-animation-delay:-0.9s; animation-delay:-0.9s;}.roboGalleryLoaderSpinner .roboGalleryLoaderRect5{-webkit-animation-delay:-0.8s; animation-delay:-0.8s;}@-webkit-keyframes roboGalleryLoader-stretchdelay{0%,40%,100%{-webkit-transform:scaleY(0.4) } 20%{-webkit-transform:scaleY(1.0) }}@keyframes roboGalleryLoader-stretchdelay{0%,40%,100%{ transform:scaleY(0.4); -webkit-transform:scaleY(0.4); } 20%{ transform:scaleY(1.0); -webkit-transform:scaleY(1.0); }}<\/style><div id=\"robo_gallery_loading_rbs_gallery_69ece7643d89c\" class=\"roboGalleryLoaderSpinner\"><div class=\"roboGalleryLoaderRect1\"><\/div> <div class=\"roboGalleryLoaderRect2\"><\/div> <div class=\"roboGalleryLoaderRect3\"><\/div> <div class=\"roboGalleryLoaderRect4\"><\/div> <div class=\"roboGalleryLoaderRect5\"><\/div><\/div><div id=\"robo_gallery_main_block_rbs_gallery_69ece7643d89c\" class=\"robogallery-gallery-1217\" style=\"width:100%;  display: none;\"><div class=\"rbs_gallery_button rbs_gallery_align_left\"  id=\"rbs_gallery_69ece7643d89cfilter\"><a class=\"button button-flat-primary button-large  active\" style=\"margin-right:5px;margin-bottom:10px;\" href=\"#\" data-filter=\"*\">All<\/a><a href=\"#\"  data-filter=\".category1217\" class=\"button button-flat-primary button-large \" style=\"margin-right:5px;margin-bottom:10px;\">Galeria<\/a><\/div><div id=\"rbs_gallery_69ece7643d89c\" data-options=\"rbs_gallery_69ece7643d89c\" style=\"width:100%;\" class=\"robo_gallery\"><div class=\"rbs-img category1217 \" ><div class=\"rbs-img-image  rbs-lightbox\"   ><div data-thumbnail=\"https:\/\/farnostvinne.sk\/wp-content\/uploads\/2020\/03\/Kostol_vinn\u00e9-1-300x185.jpg\" title=\"Kostol_vinn\u00e9-1\" data-width=\"300\" data-height=\"185\" ><\/div><div data-popup=\"https:\/\/farnostvinne.sk\/wp-content\/uploads\/2020\/03\/Kostol_vinn\u00e9-1.jpg\" data-alt=\"Kostol_vinn\u00e9-1\" title=\"Kostol_vinn\u00e9-1\" ><\/div><div class=\"thumbnail-overlay\"><div class=\"rbsTitle \">Kostol_vinn\u00e9-1<\/div><div class=\"rbsIcons\"><i class=\"fa fa-search-plus rbsZoomIcon \" ><\/i><\/div><\/div><\/div><\/div><div class=\"rbs-img category1217 \" ><div class=\"rbs-img-image  rbs-lightbox\"   ><div data-thumbnail=\"https:\/\/farnostvinne.sk\/wp-content\/uploads\/2020\/03\/11-6f959bafd9-225x300.jpg\" title=\"11-6f959bafd9\" data-width=\"225\" data-height=\"300\" ><\/div><div data-popup=\"https:\/\/farnostvinne.sk\/wp-content\/uploads\/2020\/03\/11-6f959bafd9.jpg\" data-alt=\"11-6f959bafd9\" title=\"11-6f959bafd9\" ><\/div><div class=\"thumbnail-overlay\"><div class=\"rbsTitle \">11-6f959bafd9<\/div><div class=\"rbsIcons\"><i class=\"fa fa-search-plus rbsZoomIcon \" ><\/i><\/div><\/div><\/div><\/div><div class=\"rbs-img category1217 \" ><div class=\"rbs-img-image  rbs-lightbox\"   ><div data-thumbnail=\"https:\/\/farnostvinne.sk\/wp-content\/uploads\/2020\/03\/DSC_0248-201x300.jpg\" title=\"DSC_0248\" data-width=\"201\" data-height=\"300\" ><\/div><div data-popup=\"https:\/\/farnostvinne.sk\/wp-content\/uploads\/2020\/03\/DSC_0248.jpg\" data-alt=\"DSC_0248\" title=\"DSC_0248\" ><\/div><div class=\"thumbnail-overlay\"><div class=\"rbsTitle \">DSC_0248<\/div><div class=\"rbsIcons\"><i class=\"fa fa-search-plus rbsZoomIcon \" ><\/i><\/div><\/div><\/div><\/div><div class=\"rbs-img category1217 \" ><div class=\"rbs-img-image  rbs-lightbox\"   ><div data-thumbnail=\"https:\/\/farnostvinne.sk\/wp-content\/uploads\/2020\/03\/DSC_0247-201x300.jpg\" title=\"DSC_0247\" data-width=\"201\" data-height=\"300\" ><\/div><div data-popup=\"https:\/\/farnostvinne.sk\/wp-content\/uploads\/2020\/03\/DSC_0247.jpg\" data-alt=\"DSC_0247\" title=\"DSC_0247\" ><\/div><div class=\"thumbnail-overlay\"><div class=\"rbsTitle \">DSC_0247<\/div><div class=\"rbsIcons\"><i class=\"fa fa-search-plus rbsZoomIcon \" ><\/i><\/div><\/div><\/div><\/div><div class=\"rbs-img category1217 \" ><div class=\"rbs-img-image  rbs-lightbox\"   ><div data-thumbnail=\"https:\/\/farnostvinne.sk\/wp-content\/uploads\/2020\/03\/DSC_0245-300x201.jpg\" title=\"DSC_0245\" data-width=\"300\" data-height=\"201\" ><\/div><div data-popup=\"https:\/\/farnostvinne.sk\/wp-content\/uploads\/2020\/03\/DSC_0245.jpg\" data-alt=\"DSC_0245\" title=\"DSC_0245\" ><\/div><div class=\"thumbnail-overlay\"><div class=\"rbsTitle \">DSC_0245<\/div><div class=\"rbsIcons\"><i class=\"fa fa-search-plus rbsZoomIcon \" ><\/i><\/div><\/div><\/div><\/div><div class=\"rbs-img category1217 \" ><div class=\"rbs-img-image  rbs-lightbox\"   ><div data-thumbnail=\"https:\/\/farnostvinne.sk\/wp-content\/uploads\/2020\/03\/DSC_0242-201x300.jpg\" title=\"DSC_0242\" data-width=\"201\" data-height=\"300\" ><\/div><div data-popup=\"https:\/\/farnostvinne.sk\/wp-content\/uploads\/2020\/03\/DSC_0242.jpg\" data-alt=\"DSC_0242\" title=\"DSC_0242\" ><\/div><div class=\"thumbnail-overlay\"><div class=\"rbsTitle \">DSC_0242<\/div><div class=\"rbsIcons\"><i class=\"fa fa-search-plus rbsZoomIcon \" ><\/i><\/div><\/div><\/div><\/div><div class=\"rbs-img category1217 \" ><div class=\"rbs-img-image  rbs-lightbox\"   ><div data-thumbnail=\"https:\/\/farnostvinne.sk\/wp-content\/uploads\/2020\/03\/Kostol_vinn\u00e9-300x185.jpg\" title=\"Kostol_vinn\u00e9\" data-width=\"300\" data-height=\"185\" ><\/div><div data-popup=\"https:\/\/farnostvinne.sk\/wp-content\/uploads\/2020\/03\/Kostol_vinn\u00e9.jpg\" data-alt=\"Kostol_vinn\u00e9\" title=\"Kostol_vinn\u00e9\" ><\/div><div class=\"thumbnail-overlay\"><div class=\"rbsTitle \">Kostol_vinn\u00e9<\/div><div class=\"rbsIcons\"><i class=\"fa fa-search-plus rbsZoomIcon \" ><\/i><\/div><\/div><\/div><\/div><div class=\"rbs-img category1217 \" ><div class=\"rbs-img-image  rbs-lightbox\"   ><div data-thumbnail=\"https:\/\/farnostvinne.sk\/wp-content\/uploads\/2020\/03\/Vine3-300x201.jpg\" title=\"Vine3\" data-width=\"300\" data-height=\"201\" ><\/div><div data-popup=\"https:\/\/farnostvinne.sk\/wp-content\/uploads\/2020\/03\/Vine3.jpg\" data-alt=\"Vine3\" title=\"Vine3\" ><\/div><div class=\"thumbnail-overlay\"><div class=\"rbsTitle \">Vine3<\/div><div class=\"rbsIcons\"><i class=\"fa fa-search-plus rbsZoomIcon \" ><\/i><\/div><\/div><\/div><\/div><div class=\"rbs-img category1217 \" ><div class=\"rbs-img-image  rbs-lightbox\"   ><div data-thumbnail=\"https:\/\/farnostvinne.sk\/wp-content\/uploads\/2020\/03\/Kostol_Vinne-res.-201x300.jpg\" title=\"Kostol_Vinne-res.\" data-width=\"201\" data-height=\"300\" ><\/div><div data-popup=\"https:\/\/farnostvinne.sk\/wp-content\/uploads\/2020\/03\/Kostol_Vinne-res..jpg\" data-alt=\"Kostol_Vinne-res.\" title=\"Kostol_Vinne-res.\" ><\/div><div class=\"thumbnail-overlay\"><div class=\"rbsTitle \">Kostol_Vinne-res.<\/div><div class=\"rbsIcons\"><i class=\"fa fa-search-plus rbsZoomIcon \" ><\/i><\/div><\/div><\/div><\/div><div class=\"rbs-img category1217 \" ><div class=\"rbs-img-image  rbs-lightbox\"   ><div data-thumbnail=\"https:\/\/farnostvinne.sk\/wp-content\/uploads\/2020\/03\/kostol-300x244.jpg\" title=\"kostol\" data-width=\"300\" data-height=\"244\" ><\/div><div data-popup=\"https:\/\/farnostvinne.sk\/wp-content\/uploads\/2020\/03\/kostol.jpg\" data-alt=\"kostol\" title=\"kostol\" ><\/div><div class=\"thumbnail-overlay\"><div class=\"rbsTitle \">kostol<\/div><div class=\"rbsIcons\"><i class=\"fa fa-search-plus rbsZoomIcon \" ><\/i><\/div><\/div><\/div><\/div><div class=\"rbs-img category1217 \" ><div class=\"rbs-img-image  rbs-lightbox\"   ><div data-thumbnail=\"https:\/\/farnostvinne.sk\/wp-content\/uploads\/2020\/03\/DSC_0238-300x201.jpg\" title=\"DSC_0238\" data-width=\"300\" data-height=\"201\" ><\/div><div data-popup=\"https:\/\/farnostvinne.sk\/wp-content\/uploads\/2020\/03\/DSC_0238.jpg\" data-alt=\"DSC_0238\" title=\"DSC_0238\" ><\/div><div class=\"thumbnail-overlay\"><div class=\"rbsTitle \">DSC_0238<\/div><div class=\"rbsIcons\"><i class=\"fa fa-search-plus rbsZoomIcon \" ><\/i><\/div><\/div><\/div><\/div><div class=\"rbs-img category1217 \" ><div class=\"rbs-img-image  rbs-lightbox\"   ><div data-thumbnail=\"https:\/\/farnostvinne.sk\/wp-content\/uploads\/2020\/03\/DSC_0287-201x300.jpg\" title=\"DSC_0287\" data-width=\"201\" data-height=\"300\" ><\/div><div data-popup=\"https:\/\/farnostvinne.sk\/wp-content\/uploads\/2020\/03\/DSC_0287.jpg\" data-alt=\"DSC_0287\" title=\"DSC_0287\" ><\/div><div class=\"thumbnail-overlay\"><div class=\"rbsTitle \">DSC_0287<\/div><div class=\"rbsIcons\"><i class=\"fa fa-search-plus rbsZoomIcon \" ><\/i><\/div><\/div><\/div><\/div><div class=\"rbs-img category1217 \" ><div class=\"rbs-img-image  rbs-lightbox\"   ><div data-thumbnail=\"https:\/\/farnostvinne.sk\/wp-content\/uploads\/2020\/03\/DSC_0286-201x300.jpg\" title=\"DSC_0286\" data-width=\"201\" data-height=\"300\" ><\/div><div data-popup=\"https:\/\/farnostvinne.sk\/wp-content\/uploads\/2020\/03\/DSC_0286.jpg\" data-alt=\"DSC_0286\" title=\"DSC_0286\" ><\/div><div class=\"thumbnail-overlay\"><div class=\"rbsTitle \">DSC_0286<\/div><div class=\"rbsIcons\"><i class=\"fa fa-search-plus rbsZoomIcon \" ><\/i><\/div><\/div><\/div><\/div><div class=\"rbs-img category1217 \" ><div class=\"rbs-img-image  rbs-lightbox\"   ><div data-thumbnail=\"https:\/\/farnostvinne.sk\/wp-content\/uploads\/2020\/03\/DSC_0276-201x300.jpg\" title=\"DSC_0276\" data-width=\"201\" data-height=\"300\" ><\/div><div data-popup=\"https:\/\/farnostvinne.sk\/wp-content\/uploads\/2020\/03\/DSC_0276.jpg\" data-alt=\"DSC_0276\" title=\"DSC_0276\" ><\/div><div class=\"thumbnail-overlay\"><div class=\"rbsTitle \">DSC_0276<\/div><div class=\"rbsIcons\"><i class=\"fa fa-search-plus rbsZoomIcon \" ><\/i><\/div><\/div><\/div><\/div><div class=\"rbs-img category1217 \" ><div class=\"rbs-img-image  rbs-lightbox\"   ><div data-thumbnail=\"https:\/\/farnostvinne.sk\/wp-content\/uploads\/2020\/03\/DSC_0277-201x300.jpg\" title=\"DSC_0277\" data-width=\"201\" data-height=\"300\" ><\/div><div data-popup=\"https:\/\/farnostvinne.sk\/wp-content\/uploads\/2020\/03\/DSC_0277.jpg\" data-alt=\"DSC_0277\" title=\"DSC_0277\" ><\/div><div class=\"thumbnail-overlay\"><div class=\"rbsTitle \">DSC_0277<\/div><div class=\"rbsIcons\"><i class=\"fa fa-search-plus rbsZoomIcon \" ><\/i><\/div><\/div><\/div><\/div><div class=\"rbs-img category1217 \" ><div class=\"rbs-img-image  rbs-lightbox\"   ><div data-thumbnail=\"https:\/\/farnostvinne.sk\/wp-content\/uploads\/2020\/03\/DSC_0278-201x300.jpg\" title=\"DSC_0278\" data-width=\"201\" data-height=\"300\" ><\/div><div data-popup=\"https:\/\/farnostvinne.sk\/wp-content\/uploads\/2020\/03\/DSC_0278.jpg\" data-alt=\"DSC_0278\" title=\"DSC_0278\" ><\/div><div class=\"thumbnail-overlay\"><div class=\"rbsTitle \">DSC_0278<\/div><div class=\"rbsIcons\"><i class=\"fa fa-search-plus rbsZoomIcon \" ><\/i><\/div><\/div><\/div><\/div><div class=\"rbs-img category1217 \" ><div class=\"rbs-img-image  rbs-lightbox\"   ><div data-thumbnail=\"https:\/\/farnostvinne.sk\/wp-content\/uploads\/2020\/03\/DSC_0279-201x300.jpg\" title=\"DSC_0279\" data-width=\"201\" data-height=\"300\" ><\/div><div data-popup=\"https:\/\/farnostvinne.sk\/wp-content\/uploads\/2020\/03\/DSC_0279.jpg\" data-alt=\"DSC_0279\" title=\"DSC_0279\" ><\/div><div class=\"thumbnail-overlay\"><div class=\"rbsTitle \">DSC_0279<\/div><div class=\"rbsIcons\"><i class=\"fa fa-search-plus rbsZoomIcon \" ><\/i><\/div><\/div><\/div><\/div><div class=\"rbs-img category1217 \" ><div class=\"rbs-img-image  rbs-lightbox\"   ><div data-thumbnail=\"https:\/\/farnostvinne.sk\/wp-content\/uploads\/2020\/03\/DSC_0284-300x201.jpg\" title=\"DSC_0284\" data-width=\"300\" data-height=\"201\" ><\/div><div data-popup=\"https:\/\/farnostvinne.sk\/wp-content\/uploads\/2020\/03\/DSC_0284.jpg\" data-alt=\"DSC_0284\" title=\"DSC_0284\" ><\/div><div class=\"thumbnail-overlay\"><div class=\"rbsTitle \">DSC_0284<\/div><div class=\"rbsIcons\"><i class=\"fa fa-search-plus rbsZoomIcon \" ><\/i><\/div><\/div><\/div><\/div><div class=\"rbs-img category1217 \" ><div class=\"rbs-img-image  rbs-lightbox\"   ><div data-thumbnail=\"https:\/\/farnostvinne.sk\/wp-content\/uploads\/2020\/03\/DSC_0285-201x300.jpg\" title=\"DSC_0285\" data-width=\"201\" data-height=\"300\" ><\/div><div data-popup=\"https:\/\/farnostvinne.sk\/wp-content\/uploads\/2020\/03\/DSC_0285.jpg\" data-alt=\"DSC_0285\" title=\"DSC_0285\" ><\/div><div class=\"thumbnail-overlay\"><div class=\"rbsTitle \">DSC_0285<\/div><div class=\"rbsIcons\"><i class=\"fa fa-search-plus rbsZoomIcon \" ><\/i><\/div><\/div><\/div><\/div><div class=\"rbs-img category1217 \" ><div class=\"rbs-img-image  rbs-lightbox\"   ><div data-thumbnail=\"https:\/\/farnostvinne.sk\/wp-content\/uploads\/2020\/03\/DSC_0253-300x201.jpg\" title=\"DSC_0253\" data-width=\"300\" data-height=\"201\" ><\/div><div data-popup=\"https:\/\/farnostvinne.sk\/wp-content\/uploads\/2020\/03\/DSC_0253.jpg\" data-alt=\"DSC_0253\" title=\"DSC_0253\" ><\/div><div class=\"thumbnail-overlay\"><div class=\"rbsTitle \">DSC_0253<\/div><div class=\"rbsIcons\"><i class=\"fa fa-search-plus rbsZoomIcon \" ><\/i><\/div><\/div><\/div><\/div><div class=\"rbs-img category1217 \" ><div class=\"rbs-img-image  rbs-lightbox\"   ><div data-thumbnail=\"https:\/\/farnostvinne.sk\/wp-content\/uploads\/2020\/03\/DSC_0252-300x201.jpg\" title=\"DSC_0252\" data-width=\"300\" data-height=\"201\" ><\/div><div data-popup=\"https:\/\/farnostvinne.sk\/wp-content\/uploads\/2020\/03\/DSC_0252.jpg\" data-alt=\"DSC_0252\" title=\"DSC_0252\" ><\/div><div class=\"thumbnail-overlay\"><div class=\"rbsTitle \">DSC_0252<\/div><div class=\"rbsIcons\"><i class=\"fa fa-search-plus rbsZoomIcon \" ><\/i><\/div><\/div><\/div><\/div><div class=\"rbs-img category1217 \" ><div class=\"rbs-img-image  rbs-lightbox\"   ><div data-thumbnail=\"https:\/\/farnostvinne.sk\/wp-content\/uploads\/2020\/03\/DSC_0251-300x201.jpg\" title=\"DSC_0251\" data-width=\"300\" data-height=\"201\" ><\/div><div data-popup=\"https:\/\/farnostvinne.sk\/wp-content\/uploads\/2020\/03\/DSC_0251.jpg\" data-alt=\"DSC_0251\" title=\"DSC_0251\" ><\/div><div class=\"thumbnail-overlay\"><div class=\"rbsTitle \">DSC_0251<\/div><div class=\"rbsIcons\"><i class=\"fa fa-search-plus rbsZoomIcon \" ><\/i><\/div><\/div><\/div><\/div><div class=\"rbs-img category1217 \" ><div class=\"rbs-img-image  rbs-lightbox\"   ><div data-thumbnail=\"https:\/\/farnostvinne.sk\/wp-content\/uploads\/2020\/03\/DSC_0249-201x300.jpg\" title=\"DSC_0249\" data-width=\"201\" data-height=\"300\" ><\/div><div data-popup=\"https:\/\/farnostvinne.sk\/wp-content\/uploads\/2020\/03\/DSC_0249.jpg\" data-alt=\"DSC_0249\" title=\"DSC_0249\" ><\/div><div class=\"thumbnail-overlay\"><div class=\"rbsTitle \">DSC_0249<\/div><div class=\"rbsIcons\"><i class=\"fa fa-search-plus rbsZoomIcon \" ><\/i><\/div><\/div><\/div><\/div><div class=\"rbs-img category1217 \" ><div class=\"rbs-img-image  rbs-lightbox\"   ><div data-thumbnail=\"https:\/\/farnostvinne.sk\/wp-content\/uploads\/2020\/03\/DSC_0267-201x300.jpg\" title=\"DSC_0267\" data-width=\"201\" data-height=\"300\" ><\/div><div data-popup=\"https:\/\/farnostvinne.sk\/wp-content\/uploads\/2020\/03\/DSC_0267.jpg\" data-alt=\"DSC_0267\" title=\"DSC_0267\" ><\/div><div class=\"thumbnail-overlay\"><div class=\"rbsTitle \">DSC_0267<\/div><div class=\"rbsIcons\"><i class=\"fa fa-search-plus rbsZoomIcon \" ><\/i><\/div><\/div><\/div><\/div><div class=\"rbs-img category1217 \" ><div class=\"rbs-img-image  rbs-lightbox\"   ><div data-thumbnail=\"https:\/\/farnostvinne.sk\/wp-content\/uploads\/2020\/03\/DSC_0273-201x300.jpg\" title=\"DSC_0273\" data-width=\"201\" data-height=\"300\" ><\/div><div data-popup=\"https:\/\/farnostvinne.sk\/wp-content\/uploads\/2020\/03\/DSC_0273.jpg\" data-alt=\"DSC_0273\" title=\"DSC_0273\" ><\/div><div class=\"thumbnail-overlay\"><div class=\"rbsTitle \">DSC_0273<\/div><div class=\"rbsIcons\"><i class=\"fa fa-search-plus rbsZoomIcon \" ><\/i><\/div><\/div><\/div><\/div><div class=\"rbs-img category1217 \" ><div class=\"rbs-img-image  rbs-lightbox\"   ><div data-thumbnail=\"https:\/\/farnostvinne.sk\/wp-content\/uploads\/2020\/03\/logokriz.jpg\" title=\"logokriz\" data-width=\"186\" data-height=\"280\" ><\/div><div data-popup=\"https:\/\/farnostvinne.sk\/wp-content\/uploads\/2020\/03\/logokriz.jpg\" data-alt=\"logokriz\" title=\"logokriz\" ><\/div><div class=\"thumbnail-overlay\"><div class=\"rbsTitle \">logokriz<\/div><div class=\"rbsIcons\"><i class=\"fa fa-search-plus rbsZoomIcon \" ><\/i><\/div><\/div><\/div><\/div><div class=\"rbs-img category1217 \" ><div class=\"rbs-img-image  rbs-lightbox\"   ><div data-thumbnail=\"https:\/\/farnostvinne.sk\/wp-content\/uploads\/2020\/03\/kostolbest-300x300.jpg\" title=\"kostolbest\" data-width=\"300\" data-height=\"300\" ><\/div><div data-popup=\"https:\/\/farnostvinne.sk\/wp-content\/uploads\/2020\/03\/kostolbest.jpg\" data-alt=\"kostolbest\" title=\"kostolbest\" ><\/div><div class=\"thumbnail-overlay\"><div class=\"rbsTitle \">kostolbest<\/div><div class=\"rbsIcons\"><i class=\"fa fa-search-plus rbsZoomIcon \" ><\/i><\/div><\/div><\/div><\/div><div class=\"rbs-img category1217 \" ><div class=\"rbs-img-image  rbs-lightbox\"   ><div data-thumbnail=\"https:\/\/farnostvinne.sk\/wp-content\/uploads\/2020\/03\/pozadie-300x269.jpg\" title=\"pozadie\" data-width=\"300\" data-height=\"269\" ><\/div><div data-popup=\"https:\/\/farnostvinne.sk\/wp-content\/uploads\/2020\/03\/pozadie.jpg\" data-alt=\"pozadie\" title=\"pozadie\" ><\/div><div class=\"thumbnail-overlay\"><div class=\"rbsTitle \">pozadie<\/div><div class=\"rbsIcons\"><i class=\"fa fa-search-plus rbsZoomIcon \" ><\/i><\/div><\/div><\/div><\/div><\/div><\/div><script>var rbs_gallery_69ece7643d89c = {\"filterContainer\": \"#rbs_gallery_69ece7643d89cfilter\", \"loadingContainer\": \"#robo_gallery_loading_rbs_gallery_69ece7643d89c\", \"mainContainer\": \"#robo_gallery_main_block_rbs_gallery_69ece7643d89c\", \"touch\": 1, \"touchDirection\": \"left\", \"lightboxOptions\": { gallery: { enabled: true, tCounter: \"%curr% of %total%\" } }, \"resolutions\": [ {\"columnWidth\": \"auto\" , \"columns\":1 , \"maxWidth\": 450}, {\"columnWidth\": \"auto\" , \"columns\":2 , \"maxWidth\": 650}, {\"columnWidth\": \"auto\" , \"columns\":3 , \"maxWidth\": 960}], \"overlayEffect\": \"direction-aware-fade\", \"boxesToLoadStart\": 12, \"boxesToLoad\": 8, \"lazyLoad\": true, \"waitUntilThumbLoads\": true, \"waitForAllThumbsNoMatterWhat\": false, \"deepLinking\": false, \"LoadingWord\": \"Loading...\", \"loadMoreWord\": \"Load More\", \"loadMoreClass\": \"button-flat-primary button-large \", \"noMoreEntriesWord\": \"No More Entries\", \"horizontalSpaceBetweenBoxes\": 45, \"verticalSpaceBetweenBoxes\": 45}, rbs_gallery_69ece7643d89c_css = \"#rbs_gallery_69ece7643d89c .rbs-img-container{ -webkit-border-radius: 15px; -moz-border-radius: 15px; border-radius: 15px;-webkit-box-shadow:0px 5px 7px rgba(34, 25, 25, 0.4) ;-moz-box-shadow: \t0px 5px 7px rgba(34, 25, 25, 0.4) ;-o-box-shadow: \t0px 5px 7px rgba(34, 25, 25, 0.4) ;-ms-box-shadow: \t0px 5px 7px rgba(34, 25, 25, 0.4) ;box-shadow: \t\t0px 5px 7px rgba(34, 25, 25, 0.4) ;}#rbs_gallery_69ece7643d89c .rbsTitle{ font-size:12px; line-height:100%; color:rgb(255, 255, 255); font-weight:bold;}#rbs_gallery_69ece7643d89c .rbsTitle:hover{color:rgb(255, 255, 255);}#rbs_gallery_69ece7643d89c .thumbnail-overlay{background: rgba(7, 7, 7, 0.5);}#rbs_gallery_69ece7643d89c .rbsZoomIcon{ font-size:40px; line-height:150%; color:rgb(255, 255, 255);background:rgba(13, 130, 241, 0);}#rbs_gallery_69ece7643d89c .rbsZoomIcon:hover{color:rgb(174, 174, 174);background:rgba(6, 70, 130, 0);}#rbs_gallery_69ece7643d89c .image-with-dimensions{background-color: rgb(255, 255, 255);}body .mfp-title, body .mfp-counter{color: rgb(243, 243, 243);}\",roboGalleryDelay = 0; head = document.head || document.getElementsByTagName(\"head\")[0], style = document.createElement(\"style\"); style.type = \"text\/css\"; if (style.styleSheet) style.styleSheet.cssText = rbs_gallery_69ece7643d89c_css; \telse  style.appendChild(document.createTextNode(rbs_gallery_69ece7643d89c_css)); head.appendChild(style);<\/script>\n\n\n\n\n<p><\/p>\n","protected":false},"excerpt":{"rendered":"<p>\u010eal\u0161ie fotografie z na\u0161ej farnosti si m\u00f4\u017eete pozrie\u0165 na zobrazi\u0165 \u00a0<\/p>\n","protected":false},"author":2,"featured_media":0,"parent":0,"menu_order":0,"comment_status":"closed","ping_status":"closed","template":"","meta":{"_monsterinsights_skip_tracking":false,"_monsterinsights_sitenote_active":false,"_monsterinsights_sitenote_note":"","_monsterinsights_sitenote_category":0,"footnotes":""},"class_list":["post-319","page","type-page","status-publish","hentry"],"_links":{"self":[{"href":"https:\/\/farnostvinne.sk\/index.php?rest_route=\/wp\/v2\/pages\/319","targetHints":{"allow":["GET"]}}],"collection":[{"href":"https:\/\/farnostvinne.sk\/index.php?rest_route=\/wp\/v2\/pages"}],"about":[{"href":"https:\/\/farnostvinne.sk\/index.php?rest_route=\/wp\/v2\/types\/page"}],"author":[{"embeddable":true,"href":"https:\/\/farnostvinne.sk\/index.php?rest_route=\/wp\/v2\/users\/2"}],"replies":[{"embeddable":true,"href":"https:\/\/farnostvinne.sk\/index.php?rest_route=%2Fwp%2Fv2%2Fcomments&post=319"}],"version-history":[{"count":6,"href":"https:\/\/farnostvinne.sk\/index.php?rest_route=\/wp\/v2\/pages\/319\/revisions"}],"predecessor-version":[{"id":2381,"href":"https:\/\/farnostvinne.sk\/index.php?rest_route=\/wp\/v2\/pages\/319\/revisions\/2381"}],"wp:attachment":[{"href":"https:\/\/farnostvinne.sk\/index.php?rest_route=%2Fwp%2Fv2%2Fmedia&parent=319"}],"curies":[{"name":"wp","href":"https:\/\/api.w.org\/{rel}","templated":true}]}}