{"id":203,"date":"2019-10-10T21:17:32","date_gmt":"2019-10-10T19:17:32","guid":{"rendered":"http:\/\/d.websupport.sk\/farnost-rozhanovce.sk\/?page_id=203"},"modified":"2020-04-08T17:32:22","modified_gmt":"2020-04-08T15:32:22","slug":"skola-viery","status":"publish","type":"page","link":"https:\/\/farnostvinne.sk\/?page_id=203","title":{"rendered":"\u0160kola viery"},"content":{"rendered":"\n<p>Vyberte si podkateg\u00f3riu.<\/p>\n\n\n<p><span style=\"color: #0000ff;\"><a style=\"color: #0000ff;\" href=\"https:\/\/www.farnostrozhanovce.sk\/?page_id=218\">\u00dal<\/a><a style=\"color: #0000ff;\" href=\"https:\/\/www.farnostvinne.sk\/?page_id=218\">ohy pre deti\u010dky<\/a><\/span><\/p>\n<p><span style=\"color: #0000ff;\"><a style=\"color: #0000ff;\" href=\"https:\/\/www.farnostvinne.sk\/?page_id=76\">Prv\u00e9 sv\u00e4t\u00e9 pr\u00edjimanie<\/a><\/span><\/p>\n<p><span style=\"color: #0000ff;\"><a style=\"color: #0000ff;\" href=\"https:\/\/www.farnostvinne.sk\/?page_id=1370\">Mini\u0161tranti<\/a><\/span><\/p>\n<p><span style=\"color: #0000ff;\"><a style=\"color: #0000ff;\" href=\"https:\/\/www.farnostvinne.sk\/?page_id=378\">Pr\u00edprava na sviatos\u0165 birmovania<\/a><\/span><\/p>\n<p><span style=\"color: #0000ff;\"><a style=\"color: #0000ff;\" href=\"https:\/\/www.farnostvinne.sk\/?page_id=1574\">Pozri si<\/a><\/span><\/p>\n<p><span style=\"color: #0000ff;\"><a style=\"color: #0000ff;\" href=\"https:\/\/www.farnostvinne.sk\/?page_id=15\">Spolo\u010denstvo Matiek<\/a><\/span><\/p>\n\n\n<p><\/p>\n","protected":false},"excerpt":{"rendered":"<p>Vyberte si podkateg\u00f3riu. \u00dalohy pre deti\u010dky Prv\u00e9 sv\u00e4t\u00e9 pr\u00edjimanie Mini\u0161tranti Pr\u00edprava na sviatos\u0165 birmovania Pozri si Spolo\u010denstvo Matiek<\/p>\n","protected":false},"author":2,"featured_media":0,"parent":0,"menu_order":0,"comment_status":"closed","ping_status":"closed","template":"","meta":{"_monsterinsights_skip_tracking":false,"_monsterinsights_sitenote_active":false,"_monsterinsights_sitenote_note":"","_monsterinsights_sitenote_category":0,"footnotes":""},"class_list":["post-203","page","type-page","status-publish","hentry"],"_links":{"self":[{"href":"https:\/\/farnostvinne.sk\/index.php?rest_route=\/wp\/v2\/pages\/203","targetHints":{"allow":["GET"]}}],"collection":[{"href":"https:\/\/farnostvinne.sk\/index.php?rest_route=\/wp\/v2\/pages"}],"about":[{"href":"https:\/\/farnostvinne.sk\/index.php?rest_route=\/wp\/v2\/types\/page"}],"author":[{"embeddable":true,"href":"https:\/\/farnostvinne.sk\/index.php?rest_route=\/wp\/v2\/users\/2"}],"replies":[{"embeddable":true,"href":"https:\/\/farnostvinne.sk\/index.php?rest_route=%2Fwp%2Fv2%2Fcomments&post=203"}],"version-history":[{"count":6,"href":"https:\/\/farnostvinne.sk\/index.php?rest_route=\/wp\/v2\/pages\/203\/revisions"}],"predecessor-version":[{"id":1607,"href":"https:\/\/farnostvinne.sk\/index.php?rest_route=\/wp\/v2\/pages\/203\/revisions\/1607"}],"wp:attachment":[{"href":"https:\/\/farnostvinne.sk\/index.php?rest_route=%2Fwp%2Fv2%2Fmedia&parent=203"}],"curies":[{"name":"wp","href":"https:\/\/api.w.org\/{rel}","templated":true}]}}