{"id":177,"date":"2019-10-10T20:53:27","date_gmt":"2019-10-10T18:53:27","guid":{"rendered":"http:\/\/d.websupport.sk\/farnost-rozhanovce.sk\/?page_id=177"},"modified":"2022-06-04T22:43:17","modified_gmt":"2022-06-04T20:43:17","slug":"vinne","status":"publish","type":"page","link":"https:\/\/farnostvinne.sk\/","title":{"rendered":""},"content":{"rendered":"<p style=\"text-align: center;\"><strong><span style=\"color: #000000;\">Vitajte na str\u00e1nkach\u00a0R\u00edmskokatol\u00edckej farnosti Sv\u00e4tej Anny vo Vinnom.<\/span><\/strong><\/p>\n<p style=\"text-align: center;\"><strong><span style=\"color: #000000;\">K tejto farnosti patr\u00ed aj fili\u00e1lka Trnava pri Laborci, Kalu\u017ea a Kloko\u010dov.<\/span><\/strong><\/p>\n\n\n<p><\/p>\n","protected":false},"excerpt":{"rendered":"<p>Vitajte na str\u00e1nkach\u00a0R\u00edmskokatol\u00edckej farnosti Sv\u00e4tej Anny vo Vinnom. K tejto farnosti patr\u00ed aj fili\u00e1lka Trnava pri Laborci, Kalu\u017ea a Kloko\u010dov.<\/p>\n","protected":false},"author":2,"featured_media":0,"parent":0,"menu_order":0,"comment_status":"closed","ping_status":"closed","template":"","meta":{"_monsterinsights_skip_tracking":false,"_monsterinsights_sitenote_active":false,"_monsterinsights_sitenote_note":"","_monsterinsights_sitenote_category":0,"footnotes":""},"class_list":["post-177","page","type-page","status-publish","hentry"],"_links":{"self":[{"href":"https:\/\/farnostvinne.sk\/index.php?rest_route=\/wp\/v2\/pages\/177","targetHints":{"allow":["GET"]}}],"collection":[{"href":"https:\/\/farnostvinne.sk\/index.php?rest_route=\/wp\/v2\/pages"}],"about":[{"href":"https:\/\/farnostvinne.sk\/index.php?rest_route=\/wp\/v2\/types\/page"}],"author":[{"embeddable":true,"href":"https:\/\/farnostvinne.sk\/index.php?rest_route=\/wp\/v2\/users\/2"}],"replies":[{"embeddable":true,"href":"https:\/\/farnostvinne.sk\/index.php?rest_route=%2Fwp%2Fv2%2Fcomments&post=177"}],"version-history":[{"count":7,"href":"https:\/\/farnostvinne.sk\/index.php?rest_route=\/wp\/v2\/pages\/177\/revisions"}],"predecessor-version":[{"id":5254,"href":"https:\/\/farnostvinne.sk\/index.php?rest_route=\/wp\/v2\/pages\/177\/revisions\/5254"}],"wp:attachment":[{"href":"https:\/\/farnostvinne.sk\/index.php?rest_route=%2Fwp%2Fv2%2Fmedia&parent=177"}],"curies":[{"name":"wp","href":"https:\/\/api.w.org\/{rel}","templated":true}]}}