{"id":119,"date":"2019-10-10T12:17:16","date_gmt":"2019-10-10T10:17:16","guid":{"rendered":"http:\/\/d.websupport.sk\/farnost-rozhanovce.sk\/?page_id=119"},"modified":"2022-06-04T22:42:06","modified_gmt":"2022-06-04T20:42:06","slug":"na-pamiatku-d-o-j-semivana","status":"publish","type":"page","link":"https:\/\/farnostvinne.sk\/?page_id=119","title":{"rendered":"U\u010deb\u0148a"},"content":{"rendered":"<a href=\"https:\/\/farnostvinne.sk\/wp-content\/uploads\/2020\/09\/ruzencova-aktivita-na-oktober.pdf\" class=\"pdfemb-viewer\" style=\"\" data-width=\"max\" data-height=\"max\"  data-toolbar=\"bottom\" data-toolbar-fixed=\"off\">ruzencova-aktivita-na-oktober<br\/><\/a>\n<p class=\"wp-block-pdfemb-pdf-embedder-viewer\"><\/p>\n\n\n<hr>\n<h3><span style=\"color: #ff0000;\"><strong>Katech\u00e9zy &#8211; u\u010divo na preh\u013abenie viery 1.-9.ro\u010dn\u00edk<\/strong><\/span><\/h3>\n<h4><strong><span style=\"color: #0000ff;\">Mil\u00ed \u017eiaci, tu si m\u00f4\u017eete stiahnu\u0165 pracovn\u00e9 listy z NBV<\/span><\/strong><\/h4>\n<hr>\n<div id='gallery-1' class='gallery galleryid-119 gallery-columns-3 gallery-size-thumbnail'><figure class='gallery-item'>\n\t\t\t<div class='gallery-icon portrait'>\n\t\t\t\t<a href='https:\/\/farnostvinne.sk\/?attachment_id=2244'><img loading=\"lazy\" decoding=\"async\" width=\"150\" height=\"150\" src=\"https:\/\/farnostvinne.sk\/wp-content\/uploads\/2020\/05\/61835218-D40D-4D8E-9623-2A07E2C934FE-150x150.jpeg\" class=\"attachment-thumbnail size-thumbnail\" alt=\"\" aria-describedby=\"gallery-1-2244\" \/><\/a>\n\t\t\t<\/div>\n\t\t\t\t<figcaption class='wp-caption-text gallery-caption' id='gallery-1-2244'>\n\t\t\t\tZoslanie Ducha sv\u00e4t\u00e9ho\n\t\t\t\t<\/figcaption><\/figure>\n\t\t<\/div>\n\n\n<a href=\"https:\/\/farnostvinne.sk\/wp-content\/uploads\/2020\/05\/Sedem_sviatost\u00ed_pdf-1.pdf\" class=\"pdfemb-viewer\" style=\"\" data-width=\"max\" data-height=\"max\"  data-toolbar=\"bottom\" data-toolbar-fixed=\"off\">Sedem_sviatost\u00ed_pdf-1<br\/><\/a>\n<p class=\"wp-block-pdfemb-pdf-embedder-viewer\"><\/p>\n\n\n<a href=\"https:\/\/farnostvinne.sk\/wp-content\/uploads\/2020\/05\/Test-pre-birmovancov.pdf\" class=\"pdfemb-viewer\" style=\"\" data-width=\"max\" data-height=\"max\"  data-toolbar=\"bottom\" data-toolbar-fixed=\"off\">Test-pre-birmovancov<br\/><\/a>\n<p class=\"wp-block-pdfemb-pdf-embedder-viewer\"><\/p>\n\n\n<a href=\"https:\/\/farnostvinne.sk\/wp-content\/uploads\/2020\/05\/Spovedn\u00e9_zrkadlo.pdf\" class=\"pdfemb-viewer\" style=\"\" data-width=\"max\" data-height=\"max\"  data-toolbar=\"bottom\" data-toolbar-fixed=\"off\">Spovedn\u00e9_zrkadlo<br\/><\/a>\n<p class=\"wp-block-pdfemb-pdf-embedder-viewer\"><\/p>\n\n\n\n<div class=\"wp-block-file\"><a href=\"blob:https:\/\/farnostvinne.sk\/98ad9850-bdee-4548-a589-6a00bc3cf12c\"><strong><span class=\"has-inline-color has-vivid-green-cyan-color\">O bazilike sv. Petra a p\u00e1pe\u017eovi <\/span><\/strong><\/a><a href=\"blob:https:\/\/farnostvinne.sk\/98ad9850-bdee-4548-a589-6a00bc3cf12c\" class=\"wp-block-file__button\" download>Stiahnu\u0165<\/a><\/div>\n\n\n<hr>\n<h4>&nbsp;<\/h4>\n<div id='gallery-2' class='gallery galleryid-119 gallery-columns-5 gallery-size-thumbnail'><figure class='gallery-item'>\n\t\t\t<div class='gallery-icon portrait'>\n\t\t\t\t<a href='https:\/\/farnostvinne.sk\/?attachment_id=2144'><img loading=\"lazy\" decoding=\"async\" width=\"150\" height=\"150\" src=\"https:\/\/farnostvinne.sk\/wp-content\/uploads\/2020\/05\/Screenshot_20200512-110259-150x150.jpg\" class=\"attachment-thumbnail size-thumbnail\" alt=\"\" aria-describedby=\"gallery-2-2144\" \/><\/a>\n\t\t\t<\/div>\n\t\t\t\t<figcaption class='wp-caption-text gallery-caption' id='gallery-2-2144'>\n\t\t\t\tSviatosti\n\t\t\t\t<\/figcaption><\/figure><figure class='gallery-item'>\n\t\t\t<div class='gallery-icon portrait'>\n\t\t\t\t<a href='https:\/\/farnostvinne.sk\/?attachment_id=2145'><img loading=\"lazy\" decoding=\"async\" width=\"150\" height=\"150\" src=\"https:\/\/farnostvinne.sk\/wp-content\/uploads\/2020\/05\/Screenshot_20200512-110307-150x150.jpg\" class=\"attachment-thumbnail size-thumbnail\" alt=\"\" aria-describedby=\"gallery-2-2145\" \/><\/a>\n\t\t\t<\/div>\n\t\t\t\t<figcaption class='wp-caption-text gallery-caption' id='gallery-2-2145'>\n\t\t\t\t12 apo\u0161tolov\n\t\t\t\t<\/figcaption><\/figure><figure class='gallery-item'>\n\t\t\t<div class='gallery-icon portrait'>\n\t\t\t\t<a href='https:\/\/farnostvinne.sk\/?attachment_id=2146'><img loading=\"lazy\" decoding=\"async\" width=\"150\" height=\"150\" src=\"https:\/\/farnostvinne.sk\/wp-content\/uploads\/2020\/05\/Screenshot_20200512-110317-150x150.jpg\" class=\"attachment-thumbnail size-thumbnail\" alt=\"\" aria-describedby=\"gallery-2-2146\" \/><\/a>\n\t\t\t<\/div>\n\t\t\t\t<figcaption class='wp-caption-text gallery-caption' id='gallery-2-2146'>\n\t\t\t\tvymaluj\n\t\t\t\t<\/figcaption><\/figure><figure class='gallery-item'>\n\t\t\t<div class='gallery-icon portrait'>\n\t\t\t\t<a href='https:\/\/farnostvinne.sk\/?attachment_id=2147'><img loading=\"lazy\" decoding=\"async\" width=\"150\" height=\"150\" src=\"https:\/\/farnostvinne.sk\/wp-content\/uploads\/2020\/05\/Screenshot_20200512-110323-150x150.jpg\" class=\"attachment-thumbnail size-thumbnail\" alt=\"\" aria-describedby=\"gallery-2-2147\" \/><\/a>\n\t\t\t<\/div>\n\t\t\t\t<figcaption class='wp-caption-text gallery-caption' id='gallery-2-2147'>\n\t\t\t\tapo\u0161toli\n\t\t\t\t<\/figcaption><\/figure><figure class='gallery-item'>\n\t\t\t<div class='gallery-icon landscape'>\n\t\t\t\t<a href='https:\/\/farnostvinne.sk\/?attachment_id=2149'><img loading=\"lazy\" decoding=\"async\" width=\"150\" height=\"150\" src=\"https:\/\/farnostvinne.sk\/wp-content\/uploads\/2020\/05\/Screenshot_20200512-110330-150x150.jpg\" class=\"attachment-thumbnail size-thumbnail\" alt=\"\" aria-describedby=\"gallery-2-2149\" \/><\/a>\n\t\t\t<\/div>\n\t\t\t\t<figcaption class='wp-caption-text gallery-caption' id='gallery-2-2149'>\n\t\t\t\tstvorenie\n\t\t\t\t<\/figcaption><\/figure>\n\t\t<\/div>\n\n<hr>\n<h4><a style=\"font-size: inherit; font-family: Roboto, sans-serif;\" href=\"https:\/\/programalf.com\/alfbook\/index.html?lng=sk\"><img loading=\"lazy\" decoding=\"async\" class=\"wp-image-1964 alignleft\" src=\"http:\/\/farnostvinne.sk\/wp-content\/uploads\/2020\/04\/Alf_1-300x137.jpg\" alt=\"\" width=\"196\" height=\"90\"><\/a><\/h4>\n<div class=\"wp-block-group\">\n<div class=\"wp-block-group__inner-container\">\n<p><span style=\"color: #000000;\">Na preh\u013abenie si svojich vedomost\u00ed m\u00f4\u017eete nav\u0161t\u00edvi\u0165 str\u00e1nku&nbsp;&nbsp;<a href=\"https:\/\/programalf.com\/alfbook\/index.html?lng=sk\"><span style=\"color: #0000ff;\"> https:\/\/programalf.com\/alfbook\/index.html?lng=sk<\/span><\/a> <\/span><\/p>\n<p><span style=\"color: #000000;\">pri prihl\u00e1sen\u00ed zadajte heslo: <strong><span style=\"color: #ff0000;\">ucimesadoma<\/span><\/strong><\/span><\/p>\n<\/div>\n<div class=\"wp-block-group__inner-container\">\n<hr>\n<div>&nbsp;<\/div>\n<\/div>\n<\/div>\n<div class=\"wp-block-group\">\n<div class=\"wp-block-group__inner-container\">\n<div class=\"wp-block-file\" style=\"text-align: left;\"><a href=\"https:\/\/farnostvinne.sk\/wp-content\/uploads\/2020\/04\/pracovn\u00e9-listy-DEVIATY-ro\u010dn\u00edk.pdf\" target=\"_blank\" rel=\"noreferrer noopener\"><strong><span class=\"has-inline-color has-vivid-green-cyan-color\">pracovn\u00e9-listy-DEVIATY-ro\u010dn\u00edk<\/span><\/strong><\/a><\/div>\n<div class=\"wp-block-file\" style=\"text-align: left;\"><a class=\"wp-block-file__button\" href=\"https:\/\/farnostvinne.sk\/wp-content\/uploads\/2020\/04\/pracovn\u00e9-listy-DEVIATY-ro\u010dn\u00edk.pdf\" download=\"\">Stiahnu\u0165<\/a><\/div>\n<div class=\"wp-block-group\" style=\"text-align: left;\">\n<div class=\"wp-block-group__inner-container\">\n<div class=\"wp-block-file\" style=\"text-align: left;\"><a href=\"https:\/\/farnostvinne.sk\/wp-content\/uploads\/2020\/04\/pracovn\u00e9-listy-OSMY-ro\u010dn\u00edk.pdf\"><strong><span class=\"has-inline-color has-vivid-green-cyan-color\">pracovn\u00e9-listy-OSMY-ro\u010dn\u00edk<\/span><\/strong><\/a><\/div>\n<div class=\"wp-block-file\" style=\"text-align: left;\"><a class=\"wp-block-file__button\" href=\"https:\/\/farnostvinne.sk\/wp-content\/uploads\/2020\/04\/pracovn\u00e9-listy-OSMY-ro\u010dn\u00edk.pdf\" download=\"\">Stiahnu\u0165<\/a><\/div>\n<\/div>\n<\/div>\n<p style=\"text-align: left;\"><a style=\"text-align: center; display: inline !important;\" href=\"https:\/\/farnostvinne.sk\/wp-content\/uploads\/2020\/04\/pracovn\u00e9-listy-SIEDMY-ro\u010dn\u00edk.pdf\"><strong><span class=\"has-inline-color has-vivid-green-cyan-color\">pracovn\u00e9-listy-SIEDMY-ro\u010dn\u00edk<\/span><\/strong><\/a><\/p>\n<div class=\"wp-block-file\" style=\"text-align: left;\"><a class=\"wp-block-file__button\" href=\"https:\/\/farnostvinne.sk\/wp-content\/uploads\/2020\/04\/pracovn\u00e9-listy-SIEDMY-ro\u010dn\u00edk.pdf\" download=\"\">Stiahnu\u0165<\/a><\/div>\n<p style=\"text-align: left;\"><a style=\"display: inline !important;\" href=\"https:\/\/farnostvinne.sk\/wp-content\/uploads\/2020\/04\/pracovn\u00e9-listy-\u0160IESTY-ro\u010dn\u00edk.pdf\"><strong><span class=\"has-inline-color has-vivid-green-cyan-color\">pracovn\u00e9-listy-\u0160IESTY-ro\u010dn\u00edk<\/span><\/strong><\/a><\/p>\n<div class=\"wp-block-file\" style=\"text-align: left;\"><a class=\"wp-block-file__button\" href=\"https:\/\/farnostvinne.sk\/wp-content\/uploads\/2020\/04\/pracovn\u00e9-listy-\u0160IESTY-ro\u010dn\u00edk.pdf\" download=\"\">Stiahnu\u0165<\/a><\/div>\n<div class=\"wp-block-file\" style=\"text-align: left;\"><a href=\"https:\/\/farnostvinne.sk\/wp-content\/uploads\/2020\/04\/pracovn\u00e9-listy-PIATY-ro\u010dn\u00edk.pdf\"><strong><span class=\"has-inline-color has-vivid-green-cyan-color\">pracovn\u00e9-listy-PIATY-ro\u010dn\u00edk<\/span><\/strong><\/a><\/div>\n<div class=\"wp-block-file\" style=\"text-align: left;\"><a class=\"wp-block-file__button\" href=\"https:\/\/farnostvinne.sk\/wp-content\/uploads\/2020\/04\/pracovn\u00e9-listy-PIATY-ro\u010dn\u00edk.pdf\" download=\"\">Stiahnu\u0165<\/a><\/div>\n<div class=\"wp-block-file\" style=\"text-align: left;\"><a href=\"https:\/\/farnostvinne.sk\/wp-content\/uploads\/2020\/04\/pracovn\u00e9-listy-\u0160TVRT\u00dd-ro\u010dn\u00edk.pdf\"><strong><span class=\"has-inline-color has-vivid-green-cyan-color\">pracovn\u00e9-listy-\u0160TVRT\u00dd-ro\u010dn\u00edk<\/span><\/strong><\/a><\/div>\n<div class=\"wp-block-file\" style=\"text-align: left;\"><a class=\"wp-block-file__button\" href=\"https:\/\/farnostvinne.sk\/wp-content\/uploads\/2020\/04\/pracovn\u00e9-listy-\u0160TVRT\u00dd-ro\u010dn\u00edk.pdf\" download=\"\">Stiahnu\u0165<\/a><\/div>\n<div class=\"wp-block-file\" style=\"text-align: left;\"><a href=\"https:\/\/farnostvinne.sk\/wp-content\/uploads\/2020\/04\/pracovn\u00e9-listy-TRET\u00cd-ro\u010dn\u00edk.pdf\"><span class=\"has-inline-color has-vivid-green-cyan-color\"><strong>pracovn\u00e9-listy-TRET\u00cd-ro\u010dn\u00edk<\/strong><\/span><\/a><\/div>\n<div class=\"wp-block-file\" style=\"text-align: left;\"><a class=\"wp-block-file__button\" href=\"https:\/\/farnostvinne.sk\/wp-content\/uploads\/2020\/04\/pracovn\u00e9-listy-TRET\u00cd-ro\u010dn\u00edk.pdf\" download=\"\">Stiahnu\u0165<\/a><\/div>\n<div class=\"wp-block-file\" style=\"text-align: left;\"><a href=\"https:\/\/farnostvinne.sk\/wp-content\/uploads\/2020\/04\/pracovn\u00e9-listy-DRUH\u00dd-ro\u010dn\u00edk.pdf\"><span class=\"has-inline-color has-vivid-green-cyan-color\"><strong>pracovn\u00e9-listy-DRUH\u00dd-ro\u010dn\u00ed<\/strong>k<\/span><\/a><\/div>\n<div class=\"wp-block-file\" style=\"text-align: left;\"><a class=\"wp-block-file__button\" href=\"https:\/\/farnostvinne.sk\/wp-content\/uploads\/2020\/04\/pracovn\u00e9-listy-DRUH\u00dd-ro\u010dn\u00edk.pdf\" download=\"\">Stiahnu\u0165<\/a><\/div>\n<\/div>\n<\/div>\n<p style=\"text-align: left;\"><a style=\"display: inline !important;\" href=\"https:\/\/farnostvinne.sk\/wp-content\/uploads\/2020\/04\/pracovn\u00e9-listy-PRV\u00dd-ro\u010dn\u00edk-1.pdf\"><span class=\"has-inline-color has-vivid-green-cyan-color\"><strong>pracovn\u00e9-listy-PRV\u00dd-ro\u010dn\u00edk<\/strong><\/span><\/a><\/p>\n<div class=\"wp-block-file\" style=\"text-align: left;\"><a class=\"wp-block-file__button\" href=\"https:\/\/farnostvinne.sk\/wp-content\/uploads\/2020\/04\/pracovn\u00e9-listy-PRV\u00dd-ro\u010dn\u00edk-1.pdf\" download=\"\">Stiahnu\u0165<\/a><\/div>\n<hr>\n<h4><strong><span style=\"color: #ff0000;\">Je\u017ei\u0161ove podobenstv\u00e1<\/span><\/strong><\/h4>\n<p><span style=\"color: #339966;\"><strong>Pracovn\u00e9 listy pre deti:<\/strong><\/span><\/p>\n<ul>\n<li><a href=\"http:\/\/katecheza.marianky.sk\/jezisove-podobenstva-o-bozom-kralovstve\/\"><span style=\"color: #0000ff;\">o Bo\u017eom kr\u00e1\u013eovstve<\/span><\/a><\/li>\n<li><span style=\"color: #0000ff;\"><a style=\"color: #0000ff;\" href=\"http:\/\/katecheza.marianky.sk\/jezisove-podobenstva-o-bozej-laske-a-hodnotach\/\">o Bo\u017eej l\u00e1ske a hodnot\u00e1ch<\/a><\/span><\/li>\n<li><span style=\"color: #0000ff;\"><a style=\"color: #0000ff;\" href=\"http:\/\/katecheza.marianky.sk\/4-postna-nedela-c\/\">o milosrdnom otcovi (4. p\u00f4stna nede\u013ea \u201eC\u201c)<\/a><\/span><\/li>\n<li><span style=\"color: #0000ff;\"><a style=\"color: #0000ff;\" href=\"http:\/\/katecheza.marianky.sk\/jezisove-podobenstva-o-sluzbe-a-poslusnosti\/\">o slu\u017ebe a poslu\u0161nosti<\/a><\/span><\/li>\n<li><span style=\"color: #0000ff;\"><a style=\"color: #0000ff;\" href=\"http:\/\/katecheza.marianky.sk\/jezisove-podobenstva-o-prvenstve\/\">o prvenstve<\/a><\/span><\/li>\n<li><span style=\"color: #0000ff;\"><a style=\"color: #0000ff;\" href=\"http:\/\/katecheza.marianky.sk\/jezisove-podobenstva-o-bohatstve\/\">o bohatstve<\/a><\/span><\/li>\n<li><span style=\"color: #0000ff;\"><a style=\"color: #0000ff;\" href=\"http:\/\/katecheza.marianky.sk\/jezisove-podobenstva-o-sude-a-buducnosti\/\">o s\u00fade a bud\u00facnosti<\/a><\/span><\/li>\n<li><span style=\"color: #0000ff;\"><a style=\"color: #0000ff;\" href=\"http:\/\/katecheza.marianky.sk\/3-postna-nedela-c\/\">o neplodnom figovn\u00edku (3. p\u00f4stna nede\u013ea \u201eC\u201c)<\/a><\/span><\/li>\n<li><span style=\"color: #0000ff;\"><a style=\"color: #0000ff;\" href=\"http:\/\/katecheza.marianky.sk\/jezis-hovori-v-podobenstvach-mt-4-26-34\/\">Je\u017ei\u0161 hovor\u00ed v podobenstv\u00e1ch Mk 4, 26-34<\/a><\/span><\/li>\n<\/ul>\n<p><span style=\"color: #008000;\"><strong>Prezent\u00e1cia:<\/strong><\/span><\/p>\n<ul>\n<li><span style=\"color: #0000ff;\"><a style=\"color: #0000ff;\" href=\"http:\/\/katecheza.marianky.sk\/podobenstvo-o-milosrdnom-otcovi\/\">podobenstvo o milosrdnom Otcovi<\/a><\/span><\/li>\n<\/ul>","protected":false},"excerpt":{"rendered":"<p>Katech\u00e9zy &#8211; u\u010divo na preh\u013abenie viery 1.-9.ro\u010dn\u00edk Mil\u00ed \u017eiaci, tu si m\u00f4\u017eete stiahnu\u0165 pracovn\u00e9 listy z NBV &nbsp; Na preh\u013abenie si svojich vedomost\u00ed m\u00f4\u017eete nav\u0161t\u00edvi\u0165 str\u00e1nku&nbsp;&nbsp; https:\/\/programalf.com\/alfbook\/index.html?lng=sk pri prihl\u00e1sen\u00ed zadajte heslo: ucimesadoma &nbsp; pracovn\u00e9-listy-DEVIATY-ro\u010dn\u00edk Stiahnu\u0165 pracovn\u00e9-listy-OSMY-ro\u010dn\u00edk Stiahnu\u0165 pracovn\u00e9-listy-SIEDMY-ro\u010dn\u00edk Stiahnu\u0165 pracovn\u00e9-listy-\u0160IESTY-ro\u010dn\u00edk Stiahnu\u0165 pracovn\u00e9-listy-PIATY-ro\u010dn\u00edk Stiahnu\u0165 pracovn\u00e9-listy-\u0160TVRT\u00dd-ro\u010dn\u00edk Stiahnu\u0165 pracovn\u00e9-listy-TRET\u00cd-ro\u010dn\u00edk Stiahnu\u0165 pracovn\u00e9-listy-DRUH\u00dd-ro\u010dn\u00edk Stiahnu\u0165 pracovn\u00e9-listy-PRV\u00dd-ro\u010dn\u00edk Stiahnu\u0165 Je\u017ei\u0161ove podobenstv\u00e1 Pracovn\u00e9 listy [&hellip;]<\/p>\n","protected":false},"author":2,"featured_media":0,"parent":0,"menu_order":0,"comment_status":"closed","ping_status":"closed","template":"","meta":{"_monsterinsights_skip_tracking":false,"_monsterinsights_sitenote_active":false,"_monsterinsights_sitenote_note":"","_monsterinsights_sitenote_category":0,"footnotes":""},"class_list":["post-119","page","type-page","status-publish","hentry"],"_links":{"self":[{"href":"https:\/\/farnostvinne.sk\/index.php?rest_route=\/wp\/v2\/pages\/119","targetHints":{"allow":["GET"]}}],"collection":[{"href":"https:\/\/farnostvinne.sk\/index.php?rest_route=\/wp\/v2\/pages"}],"about":[{"href":"https:\/\/farnostvinne.sk\/index.php?rest_route=\/wp\/v2\/types\/page"}],"author":[{"embeddable":true,"href":"https:\/\/farnostvinne.sk\/index.php?rest_route=\/wp\/v2\/users\/2"}],"replies":[{"embeddable":true,"href":"https:\/\/farnostvinne.sk\/index.php?rest_route=%2Fwp%2Fv2%2Fcomments&post=119"}],"version-history":[{"count":6,"href":"https:\/\/farnostvinne.sk\/index.php?rest_route=\/wp\/v2\/pages\/119\/revisions"}],"predecessor-version":[{"id":5252,"href":"https:\/\/farnostvinne.sk\/index.php?rest_route=\/wp\/v2\/pages\/119\/revisions\/5252"}],"wp:attachment":[{"href":"https:\/\/farnostvinne.sk\/index.php?rest_route=%2Fwp%2Fv2%2Fmedia&parent=119"}],"curies":[{"name":"wp","href":"https:\/\/api.w.org\/{rel}","templated":true}]}}