{"id":1063,"date":"2020-03-28T13:04:17","date_gmt":"2020-03-28T12:04:17","guid":{"rendered":"http:\/\/farnostvinne.sk\/?page_id=1063"},"modified":"2024-03-18T23:42:57","modified_gmt":"2024-03-18T22:42:57","slug":"knazi-ktori-tu-posobili","status":"publish","type":"page","link":"https:\/\/farnostvinne.sk\/?page_id=1063","title":{"rendered":"K\u0148azi, ktor\u00ed tu p\u00f4sobili"},"content":{"rendered":"<p><span style=\"color: #000000;\"><strong>Dne\u0161n\u00fd kostol sv. Anny vo Vinnom<\/strong> &#8211; poch\u00e1dza z konca 13. storo\u010dia. Je ranogotick\u00fd, katol\u00edcky kostol. Predpoklad\u00e1 sa, \u017ee to nebol prv\u00fd kostol vo Vinnom. Vieme, \u017ee v\u00a0roku 1340 v \u0148om p\u00f4sobil katol\u00edcky far\u00e1r a \u017ee kostol mal v roku 1374 e\u0161te dreven\u00fa ve\u017eu so zvonom. V\u00a0roku 1332\u00a0 pod\u013ea p\u00edsomnej zmienky bol kostol\u00edk <strong>zasv\u00e4ten\u00fd sv. Kr\u00ed\u017eu.<\/strong> Nesk\u00f4r bolo patroc\u00ednium zmenen\u00e9 k <strong>sv. Katar\u00edne<\/strong>, dokonca \u010dasom aj k <strong>11 tis\u00edcom pann\u00e1m a\u00a0mart\u00fdrom<\/strong> a toto patroc\u00ednium sa udr\u017ealo a\u017e do reform\u00e1cie do konca 16. storo\u010dia.Druh\u00fd dreven\u00fd kostol bol zasv\u00e4ten\u00fd sv. Trojici.\u00a0<\/span><\/p>\n<p><span style=\"color: #000000;\">Od roku 1598 a cel\u00e9 17. stor. patril kostol protestantom. V 17. stor. bol aj po\u0161koden\u00fd a v roku 1735 obnoven\u00fd. \u010eal\u0161ie \u00fapravy boli z 19. a aj 20. stor. Je to jednolo\u010fov\u00e1 stavba s polygon\u00e1lnym uz\u00e1verom presbyt\u00e9ria, sakristiou a prestavanou ve\u017eou. Obvodov\u00e9 murivo lode a \u010das\u0165 severn\u00e9ho muriva presbyt\u00e9ria poch\u00e1dzaj\u00fa z prvej etapy stavby. Presbyt\u00e9rium je postaven\u00e9 po roku 1450.<\/span><\/p>\n<p><span style=\"color: #000000;\"><strong>Klenba<\/strong> retarduje parle\u0159ovsk\u00fd typ sie\u0165ovej klenby. Toto zaklenutie pod\u013ea v\u0161etk\u00e9ho financoval niektor\u00fd z vysokopostaven\u00fdch \u010dlenov rodu Edenfi, o \u010dom sved\u010d\u00ed okrem reprezentat\u00edvneho \u0161t\u00fdlu samotnej klenby aj \u0161t\u00e1tny znak na jednom zo svorn\u00edkov.<\/span><\/p>\n<p><span style=\"color: #000000;\"><strong>\u0160t\u00e1tny znak<\/strong> sa nach\u00e1dza aj na honosnom kamennom<\/span>\u00a0<span style=\"color: #0000ff;\"><a style=\"color: #0000ff;\" href=\"http:\/\/apsida.sk\/slovnicek\/pastoforium\">pastof\u00f3riu<\/a><\/span>\u00a0<span style=\"color: #000000;\">zdoben\u00e9ho reli\u00e9fom s trojlistovou kru\u017ebou a obl\u00fakom v tvare oslieho chrbta. \u0160t\u00fdlovo je bl\u00edzke dielni ko\u0161ick\u00e9ho d\u00f3mu. V presbyt\u00e9riu sa zachovali aj p\u00f4vodn\u00e9 gotick\u00e9 okn\u00e1 s plamienkov\u00fdmi kru\u017ebami.<\/span><\/p>\n<p><span style=\"color: #000000;\">Z presbyt\u00e9ria vedie <strong>neskorogotick\u00fd lomen\u00fd port\u00e1l<\/strong> \u00a0(s osekanou p\u00f4vodnou v\u00fdzdobou v podobe krabov alebo javorov\u00fdch listov) s pret\u00ednan\u00fdmi pr\u00fatmi do sakristie, ktor\u00e1 je zaklenut\u00e1 dvoma po\u013eami kr\u00ed\u017eovej hrebienkovej klenby. <strong>Zamurovan\u00fd port\u00e1l<\/strong> sa nach\u00e1dza aj na severnej strane lode. Prestavan\u00e1 ve\u017ea je do v\u00fd\u0161ky strechy lode gotick\u00e1 a m\u00e1 jedno p\u00f4vodn\u00e9 gotick\u00e9 okno, po obnove bola nadstavovan\u00e1. Lo\u010f dostala po roku 1735 barokov\u00fa kr\u00ed\u017eov\u00fa klenbu, ktor\u00e1 dosad\u00e1 na n\u00e1stenn\u00e9 piliere. Interi\u00e9r je neogotick\u00fd. Zachovali sa <strong>star\u00e9 kamenn\u00e9 epitafy<\/strong> zo 16. a 17. stor., ale aj z 19. stor. V interi\u00e9ri sa zachovalo nieko\u013eko epitafov zo 16. a 17. storo\u010dia, vr\u00e1tane netradi\u010dn\u00e9ho epitafu Andreja Edenfiho z obdobia okolo roku 1600, na ktorom s\u00fa zobrazen\u00e9 spolu s n\u00edm aj jeho tri man\u017eelky a deti, spolu s ich erbmi. \u0160t\u00fdlovo ide o pomerne rustikalizovan\u00e9 prevedenie zrejme ne\u0161kolen\u00e9ho kamen\u00e1ra.<\/span><\/p>\n<p><span style=\"color: #000000;\">Z\u00a0p\u00edsomn\u00fdch dokumentov vieme, \u017ee r\u00edmskokatol\u00edcky k\u0148azi a\u00a0reho\u013en\u00edci (na vr\u0161ku Senderov) tu p\u00f4sobili od zalo\u017eenia obce Vinn\u00e9. V\u00a0roku 1735 bola obnoven\u00e1 farnos\u0165 vo Vinnom zalo\u017een\u00e1 u\u017e prvou p\u00edsomnou zmienkou 1249.\u00a0 V\u00a0roku 1939 <strong><em>bulou Diocesium fines <\/em><\/strong>zriaden\u00e1 Szatmarsk\u00e1 apo\u0161tolsk\u00e1 administrat\u00edva na Slovensku. Po\u010das II. sv. vojny ju tvorili: Pavlovce Nad Uhom, Senn\u00e9, \u00dabre\u017e, Ve\u013ek\u00e9 Z\u00e1lu\u017eice a\u00a0Vinn\u00e9. <strong>Prv\u00fdm k\u0148azom,<\/strong> ktor\u00fd za\u010dal nanovo p\u00f4sobi\u0165 a opravova\u0165 teraj\u0161\u00ed kostol po reform\u00e1ci\u00ed bol Matej Seko a <strong>prv\u00fdm k\u0148azom<\/strong> o ktorom je najstar\u0161ia p\u00edsomn\u00e1 zmienka je J\u00e1n Mozo\u013e 1730.<\/span><\/p>\n<div id='gallery-1' class='gallery galleryid-1063 gallery-columns-5 gallery-size-thumbnail'><figure class='gallery-item'>\n\t\t\t<div class='gallery-icon portrait'>\n\t\t\t\t<a href='https:\/\/farnostvinne.sk\/?attachment_id=1303'><img loading=\"lazy\" decoding=\"async\" width=\"150\" height=\"150\" src=\"https:\/\/farnostvinne.sk\/wp-content\/uploads\/2020\/03\/4a-6-150x150.jpg\" class=\"attachment-thumbnail size-thumbnail\" alt=\"\" aria-describedby=\"gallery-1-1303\" \/><\/a>\n\t\t\t<\/div>\n\t\t\t\t<figcaption class='wp-caption-text gallery-caption' id='gallery-1-1303'>\n\t\t\t\tJ\u00e1n Mozo\u013e 1730\n\t\t\t\t<\/figcaption><\/figure><figure class='gallery-item'>\n\t\t\t<div class='gallery-icon portrait'>\n\t\t\t\t<a href='https:\/\/farnostvinne.sk\/?attachment_id=1305'><img loading=\"lazy\" decoding=\"async\" width=\"150\" height=\"150\" src=\"https:\/\/farnostvinne.sk\/wp-content\/uploads\/2020\/03\/4a-7-150x150.jpg\" class=\"attachment-thumbnail size-thumbnail\" alt=\"\" aria-describedby=\"gallery-1-1305\" \/><\/a>\n\t\t\t<\/div>\n\t\t\t\t<figcaption class='wp-caption-text gallery-caption' id='gallery-1-1305'>\n\t\t\t\tMatej Seko 1738\n\t\t\t\t<\/figcaption><\/figure><figure class='gallery-item'>\n\t\t\t<div class='gallery-icon portrait'>\n\t\t\t\t<a href='https:\/\/farnostvinne.sk\/?attachment_id=1306'><img loading=\"lazy\" decoding=\"async\" width=\"150\" height=\"150\" src=\"https:\/\/farnostvinne.sk\/wp-content\/uploads\/2020\/03\/4a-8-150x150.jpg\" class=\"attachment-thumbnail size-thumbnail\" alt=\"\" aria-describedby=\"gallery-1-1306\" \/><\/a>\n\t\t\t<\/div>\n\t\t\t\t<figcaption class='wp-caption-text gallery-caption' id='gallery-1-1306'>\n\t\t\t\tAdam Sek\u00e1\u010d 1774\n\t\t\t\t<\/figcaption><\/figure><figure class='gallery-item'>\n\t\t\t<div class='gallery-icon portrait'>\n\t\t\t\t<a href='https:\/\/farnostvinne.sk\/?attachment_id=1300'><img loading=\"lazy\" decoding=\"async\" width=\"150\" height=\"150\" src=\"https:\/\/farnostvinne.sk\/wp-content\/uploads\/2020\/03\/4a-4-150x150.jpg\" class=\"attachment-thumbnail size-thumbnail\" alt=\"\" aria-describedby=\"gallery-1-1300\" \/><\/a>\n\t\t\t<\/div>\n\t\t\t\t<figcaption class='wp-caption-text gallery-caption' id='gallery-1-1300'>\n\t\t\t\tJozef Szkult\u00e9ty 1785 \n\t\t\t\t<\/figcaption><\/figure><figure class='gallery-item'>\n\t\t\t<div class='gallery-icon portrait'>\n\t\t\t\t<a href='https:\/\/farnostvinne.sk\/?attachment_id=1312'><img loading=\"lazy\" decoding=\"async\" width=\"150\" height=\"150\" src=\"https:\/\/farnostvinne.sk\/wp-content\/uploads\/2020\/03\/4a-11-150x150.jpg\" class=\"attachment-thumbnail size-thumbnail\" alt=\"\" aria-describedby=\"gallery-1-1312\" \/><\/a>\n\t\t\t<\/div>\n\t\t\t\t<figcaption class='wp-caption-text gallery-caption' id='gallery-1-1312'>\n\t\t\t\tAndrej Jakszics 1804\n\t\t\t\t<\/figcaption><\/figure><figure class='gallery-item'>\n\t\t\t<div class='gallery-icon portrait'>\n\t\t\t\t<a href='https:\/\/farnostvinne.sk\/?attachment_id=1313'><img loading=\"lazy\" decoding=\"async\" width=\"150\" height=\"150\" src=\"https:\/\/farnostvinne.sk\/wp-content\/uploads\/2020\/03\/4a-12-150x150.jpg\" class=\"attachment-thumbnail size-thumbnail\" alt=\"\" aria-describedby=\"gallery-1-1313\" \/><\/a>\n\t\t\t<\/div>\n\t\t\t\t<figcaption class='wp-caption-text gallery-caption' id='gallery-1-1313'>\n\t\t\t\tMichal Oria\u0161i 18??\n\t\t\t\t<\/figcaption><\/figure><figure class='gallery-item'>\n\t\t\t<div class='gallery-icon portrait'>\n\t\t\t\t<a href='https:\/\/farnostvinne.sk\/?attachment_id=1307'><img loading=\"lazy\" decoding=\"async\" width=\"150\" height=\"150\" src=\"https:\/\/farnostvinne.sk\/wp-content\/uploads\/2020\/03\/4a-9-150x150.jpg\" class=\"attachment-thumbnail size-thumbnail\" alt=\"\" aria-describedby=\"gallery-1-1307\" \/><\/a>\n\t\t\t<\/div>\n\t\t\t\t<figcaption class='wp-caption-text gallery-caption' id='gallery-1-1307'>\n\t\t\t\tMartin Reh\u00e1k 1832\n\t\t\t\t<\/figcaption><\/figure><figure class='gallery-item'>\n\t\t\t<div class='gallery-icon portrait'>\n\t\t\t\t<a href='https:\/\/farnostvinne.sk\/?attachment_id=1314'><img loading=\"lazy\" decoding=\"async\" width=\"150\" height=\"150\" src=\"https:\/\/farnostvinne.sk\/wp-content\/uploads\/2020\/03\/4a-13-150x150.jpg\" class=\"attachment-thumbnail size-thumbnail\" alt=\"\" aria-describedby=\"gallery-1-1314\" \/><\/a>\n\t\t\t<\/div>\n\t\t\t\t<figcaption class='wp-caption-text gallery-caption' id='gallery-1-1314'>\n\t\t\t\tJozef Szaroszi 18??\n\t\t\t\t<\/figcaption><\/figure><figure class='gallery-item'>\n\t\t\t<div class='gallery-icon portrait'>\n\t\t\t\t<a href='https:\/\/farnostvinne.sk\/?attachment_id=1315'><img loading=\"lazy\" decoding=\"async\" width=\"150\" height=\"150\" src=\"https:\/\/farnostvinne.sk\/wp-content\/uploads\/2020\/03\/4a-14-150x150.jpg\" class=\"attachment-thumbnail size-thumbnail\" alt=\"\" aria-describedby=\"gallery-1-1315\" \/><\/a>\n\t\t\t<\/div>\n\t\t\t\t<figcaption class='wp-caption-text gallery-caption' id='gallery-1-1315'>\n\t\t\t\tJ\u00e1n Bedej 18??\n\t\t\t\t<\/figcaption><\/figure><figure class='gallery-item'>\n\t\t\t<div class='gallery-icon portrait'>\n\t\t\t\t<a href='https:\/\/farnostvinne.sk\/?attachment_id=1316'><img loading=\"lazy\" decoding=\"async\" width=\"150\" height=\"150\" src=\"https:\/\/farnostvinne.sk\/wp-content\/uploads\/2020\/03\/4a-15-150x150.jpg\" class=\"attachment-thumbnail size-thumbnail\" alt=\"\" aria-describedby=\"gallery-1-1316\" \/><\/a>\n\t\t\t<\/div>\n\t\t\t\t<figcaption class='wp-caption-text gallery-caption' id='gallery-1-1316'>\n\t\t\t\tDaniel Roth 18??\n\t\t\t\t<\/figcaption><\/figure><figure class='gallery-item'>\n\t\t\t<div class='gallery-icon portrait'>\n\t\t\t\t<a href='https:\/\/farnostvinne.sk\/?attachment_id=1317'><img loading=\"lazy\" decoding=\"async\" width=\"150\" height=\"150\" src=\"https:\/\/farnostvinne.sk\/wp-content\/uploads\/2020\/03\/4a-16-150x150.jpg\" class=\"attachment-thumbnail size-thumbnail\" alt=\"\" aria-describedby=\"gallery-1-1317\" \/><\/a>\n\t\t\t<\/div>\n\t\t\t\t<figcaption class='wp-caption-text gallery-caption' id='gallery-1-1317'>\n\t\t\t\tJozef Ha\u017elinsk\u00fd 18??\n\t\t\t\t<\/figcaption><\/figure><figure class='gallery-item'>\n\t\t\t<div class='gallery-icon portrait'>\n\t\t\t\t<a href='https:\/\/farnostvinne.sk\/?attachment_id=1318'><img loading=\"lazy\" decoding=\"async\" width=\"150\" height=\"150\" src=\"https:\/\/farnostvinne.sk\/wp-content\/uploads\/2020\/03\/4a-17-150x150.jpg\" class=\"attachment-thumbnail size-thumbnail\" alt=\"\" aria-describedby=\"gallery-1-1318\" \/><\/a>\n\t\t\t<\/div>\n\t\t\t\t<figcaption class='wp-caption-text gallery-caption' id='gallery-1-1318'>\n\t\t\t\tFlori\u00e1n Hus\u00e1r 1880\n\t\t\t\t<\/figcaption><\/figure><figure class='gallery-item'>\n\t\t\t<div class='gallery-icon portrait'>\n\t\t\t\t<a href='https:\/\/farnostvinne.sk\/?attachment_id=1164'><img loading=\"lazy\" decoding=\"async\" width=\"150\" height=\"150\" src=\"https:\/\/farnostvinne.sk\/wp-content\/uploads\/2020\/03\/4b-1-150x150.jpg\" class=\"attachment-thumbnail size-thumbnail\" alt=\"\" aria-describedby=\"gallery-1-1164\" \/><\/a>\n\t\t\t<\/div>\n\t\t\t\t<figcaption class='wp-caption-text gallery-caption' id='gallery-1-1164'>\n\t\t\t\tAbrah\u00e1m Tahy 1884\n\t\t\t\t<\/figcaption><\/figure><figure class='gallery-item'>\n\t\t\t<div class='gallery-icon portrait'>\n\t\t\t\t<a href='https:\/\/farnostvinne.sk\/?attachment_id=1301'><img loading=\"lazy\" decoding=\"async\" width=\"150\" height=\"150\" src=\"https:\/\/farnostvinne.sk\/wp-content\/uploads\/2020\/03\/4a-5-150x150.jpg\" class=\"attachment-thumbnail size-thumbnail\" alt=\"\" aria-describedby=\"gallery-1-1301\" \/><\/a>\n\t\t\t<\/div>\n\t\t\t\t<figcaption class='wp-caption-text gallery-caption' id='gallery-1-1301'>\n\t\t\t\tFranti\u0161ek Garamay 1885\n\t\t\t\t<\/figcaption><\/figure><figure class='gallery-item'>\n\t\t\t<div class='gallery-icon portrait'>\n\t\t\t\t<a href='https:\/\/farnostvinne.sk\/?attachment_id=1159'><img loading=\"lazy\" decoding=\"async\" width=\"150\" height=\"150\" src=\"https:\/\/farnostvinne.sk\/wp-content\/uploads\/2020\/03\/Geza-Blazsek-150x150.jpg\" class=\"attachment-thumbnail size-thumbnail\" alt=\"\" aria-describedby=\"gallery-1-1159\" \/><\/a>\n\t\t\t<\/div>\n\t\t\t\t<figcaption class='wp-caption-text gallery-caption' id='gallery-1-1159'>\n\t\t\t\tGejza Blazsek\n1890-1916, pochovan\u00fd vo Vinnom\n\t\t\t\t<\/figcaption><\/figure><figure class='gallery-item'>\n\t\t\t<div class='gallery-icon portrait'>\n\t\t\t\t<a href='https:\/\/farnostvinne.sk\/?attachment_id=1308'><img loading=\"lazy\" decoding=\"async\" width=\"150\" height=\"150\" src=\"https:\/\/farnostvinne.sk\/wp-content\/uploads\/2020\/03\/4a-10-150x150.jpg\" class=\"attachment-thumbnail size-thumbnail\" alt=\"\" aria-describedby=\"gallery-1-1308\" \/><\/a>\n\t\t\t<\/div>\n\t\t\t\t<figcaption class='wp-caption-text gallery-caption' id='gallery-1-1308'>\n\t\t\t\tMartin Lorinczi 191?\n\t\t\t\t<\/figcaption><\/figure><figure class='gallery-item'>\n\t\t\t<div class='gallery-icon portrait'>\n\t\t\t\t<a href='https:\/\/farnostvinne.sk\/?attachment_id=1255'><img loading=\"lazy\" decoding=\"async\" width=\"150\" height=\"150\" src=\"https:\/\/farnostvinne.sk\/wp-content\/uploads\/2020\/03\/4a-3-150x150.jpg\" class=\"attachment-thumbnail size-thumbnail\" alt=\"\" aria-describedby=\"gallery-1-1255\" \/><\/a>\n\t\t\t<\/div>\n\t\t\t\t<figcaption class='wp-caption-text gallery-caption' id='gallery-1-1255'>\n\t\t\t\t Juraj Duraj 1932-1933\n\t\t\t\t<\/figcaption><\/figure><figure class='gallery-item'>\n\t\t\t<div class='gallery-icon portrait'>\n\t\t\t\t<a href='https:\/\/farnostvinne.sk\/?attachment_id=1167'><img loading=\"lazy\" decoding=\"async\" width=\"150\" height=\"150\" src=\"https:\/\/farnostvinne.sk\/wp-content\/uploads\/2020\/03\/J\u00e1n-Bocskoros-150x150.jpg\" class=\"attachment-thumbnail size-thumbnail\" alt=\"\" aria-describedby=\"gallery-1-1167\" \/><\/a>\n\t\t\t<\/div>\n\t\t\t\t<figcaption class='wp-caption-text gallery-caption' id='gallery-1-1167'>\n\t\t\t\tJ\u00e1n Bocskoros 1933-1977, pochovan\u00fd vo Vinnom\n\t\t\t\t<\/figcaption><\/figure><figure class='gallery-item'>\n\t\t\t<div class='gallery-icon portrait'>\n\t\t\t\t<a href='https:\/\/farnostvinne.sk\/?attachment_id=1168'><img loading=\"lazy\" decoding=\"async\" width=\"150\" height=\"150\" src=\"https:\/\/farnostvinne.sk\/wp-content\/uploads\/2020\/03\/Anton-Fabi\u00e1n-150x150.jpg\" class=\"attachment-thumbnail size-thumbnail\" alt=\"\" aria-describedby=\"gallery-1-1168\" \/><\/a>\n\t\t\t<\/div>\n\t\t\t\t<figcaption class='wp-caption-text gallery-caption' id='gallery-1-1168'>\n\t\t\t\tAnton Fabi\u00e1n 1977-1978\n\t\t\t\t<\/figcaption><\/figure><figure class='gallery-item'>\n\t\t\t<div class='gallery-icon portrait'>\n\t\t\t\t<a href='https:\/\/farnostvinne.sk\/?attachment_id=1169'><img loading=\"lazy\" decoding=\"async\" width=\"150\" height=\"150\" src=\"https:\/\/farnostvinne.sk\/wp-content\/uploads\/2020\/03\/\u0160tefan-Prist\u00e1\u0161-150x150.jpg\" class=\"attachment-thumbnail size-thumbnail\" alt=\"\" aria-describedby=\"gallery-1-1169\" \/><\/a>\n\t\t\t<\/div>\n\t\t\t\t<figcaption class='wp-caption-text gallery-caption' id='gallery-1-1169'>\n\t\t\t\t\u0160tefan Prist\u00e1\u0161 1978-1986\n\t\t\t\t<\/figcaption><\/figure><figure class='gallery-item'>\n\t\t\t<div class='gallery-icon portrait'>\n\t\t\t\t<a href='https:\/\/farnostvinne.sk\/?attachment_id=1170'><img loading=\"lazy\" decoding=\"async\" width=\"150\" height=\"150\" src=\"https:\/\/farnostvinne.sk\/wp-content\/uploads\/2020\/03\/J\u00e1n-Bujdo\u0161-150x150.jpg\" class=\"attachment-thumbnail size-thumbnail\" alt=\"\" aria-describedby=\"gallery-1-1170\" \/><\/a>\n\t\t\t<\/div>\n\t\t\t\t<figcaption class='wp-caption-text gallery-caption' id='gallery-1-1170'>\n\t\t\t\tJ\u00e1n Bujdo\u0161 1986-1990\n\t\t\t\t<\/figcaption><\/figure><figure class='gallery-item'>\n\t\t\t<div class='gallery-icon portrait'>\n\t\t\t\t<a href='https:\/\/farnostvinne.sk\/?attachment_id=1171'><img loading=\"lazy\" decoding=\"async\" width=\"150\" height=\"150\" src=\"https:\/\/farnostvinne.sk\/wp-content\/uploads\/2020\/03\/Vladim\u00edr-Bubl\u00e1k-150x150.jpg\" class=\"attachment-thumbnail size-thumbnail\" alt=\"\" aria-describedby=\"gallery-1-1171\" \/><\/a>\n\t\t\t<\/div>\n\t\t\t\t<figcaption class='wp-caption-text gallery-caption' id='gallery-1-1171'>\n\t\t\t\tVladim\u00edr Bubl\u00e1k 1990-2005\n\t\t\t\t<\/figcaption><\/figure><figure class='gallery-item'>\n\t\t\t<div class='gallery-icon portrait'>\n\t\t\t\t<a href='https:\/\/farnostvinne.sk\/?attachment_id=1172'><img loading=\"lazy\" decoding=\"async\" width=\"150\" height=\"150\" src=\"https:\/\/farnostvinne.sk\/wp-content\/uploads\/2020\/03\/Andrej-Spi\u0161\u00e1k-150x150.jpg\" class=\"attachment-thumbnail size-thumbnail\" alt=\"\" aria-describedby=\"gallery-1-1172\" \/><\/a>\n\t\t\t<\/div>\n\t\t\t\t<figcaption class='wp-caption-text gallery-caption' id='gallery-1-1172'>\n\t\t\t\tAndrej Spi\u0161\u00e1k 2005-2012\n\t\t\t\t<\/figcaption><\/figure><figure class='gallery-item'>\n\t\t\t<div class='gallery-icon portrait'>\n\t\t\t\t<a href='https:\/\/farnostvinne.sk\/?attachment_id=1254'><img loading=\"lazy\" decoding=\"async\" width=\"150\" height=\"150\" src=\"https:\/\/farnostvinne.sk\/wp-content\/uploads\/2020\/03\/4a-2-150x150.jpg\" class=\"attachment-thumbnail size-thumbnail\" alt=\"\" aria-describedby=\"gallery-1-1254\" \/><\/a>\n\t\t\t<\/div>\n\t\t\t\t<figcaption class='wp-caption-text gallery-caption' id='gallery-1-1254'>\n\t\t\t\tPavol Kova\u013e 2012-2014\n\t\t\t\t<\/figcaption><\/figure><figure class='gallery-item'>\n\t\t\t<div class='gallery-icon portrait'>\n\t\t\t\t<a href='https:\/\/farnostvinne.sk\/?attachment_id=1257'><img loading=\"lazy\" decoding=\"async\" width=\"150\" height=\"150\" src=\"https:\/\/farnostvinne.sk\/wp-content\/uploads\/2020\/03\/stiahnu\u0165-2-150x150.jpg\" class=\"attachment-thumbnail size-thumbnail\" alt=\"\" aria-describedby=\"gallery-1-1257\" \/><\/a>\n\t\t\t<\/div>\n\t\t\t\t<figcaption class='wp-caption-text gallery-caption' id='gallery-1-1257'>\n\t\t\t\tJuraj Rende\u0161 2014-2019\n\t\t\t\t<\/figcaption><\/figure><figure class='gallery-item'>\n\t\t\t<div class='gallery-icon portrait'>\n\t\t\t\t<a href='https:\/\/farnostvinne.sk\/?attachment_id=1253'><img loading=\"lazy\" decoding=\"async\" width=\"150\" height=\"150\" src=\"https:\/\/farnostvinne.sk\/wp-content\/uploads\/2020\/03\/4a-1-150x150.jpg\" class=\"attachment-thumbnail size-thumbnail\" alt=\"\" aria-describedby=\"gallery-1-1253\" \/><\/a>\n\t\t\t<\/div>\n\t\t\t\t<figcaption class='wp-caption-text gallery-caption' id='gallery-1-1253'>\n\t\t\t\t 2019\n\t\t\t\t<\/figcaption><\/figure>\n\t\t<\/div>\n\n<figure id=\"attachment_1209\" aria-describedby=\"caption-attachment-1209\" style=\"width: 2560px\" class=\"wp-caption aligncenter\"><img loading=\"lazy\" decoding=\"async\" class=\"wp-image-1209 size-full\" src=\"http:\/\/farnostvinne.sk\/wp-content\/uploads\/2020\/03\/jubilejny-rok-1898.6-scaled.jpg\" alt=\"\" width=\"2560\" height=\"2169\" srcset=\"https:\/\/farnostvinne.sk\/wp-content\/uploads\/2020\/03\/jubilejny-rok-1898.6-scaled.jpg 2560w, https:\/\/farnostvinne.sk\/wp-content\/uploads\/2020\/03\/jubilejny-rok-1898.6-300x254.jpg 300w, https:\/\/farnostvinne.sk\/wp-content\/uploads\/2020\/03\/jubilejny-rok-1898.6-1024x868.jpg 1024w, https:\/\/farnostvinne.sk\/wp-content\/uploads\/2020\/03\/jubilejny-rok-1898.6-768x651.jpg 768w, https:\/\/farnostvinne.sk\/wp-content\/uploads\/2020\/03\/jubilejny-rok-1898.6-1536x1301.jpg 1536w, https:\/\/farnostvinne.sk\/wp-content\/uploads\/2020\/03\/jubilejny-rok-1898.6-2048x1735.jpg 2048w\" sizes=\"auto, (max-width: 2560px) 100vw, 2560px\" \/><figcaption id=\"caption-attachment-1209\" class=\"wp-caption-text\">K\u0148azi spolu v Jubilejnom roku v roku 1900 vyhl\u00e1sen\u00fd p\u00e1pe\u017eom Levom XIII. Z prava k\u0148az p\u00f4sobiaci vo Vinnom Gejza Blazsek.<\/figcaption><\/figure>\n<h6>Parle\u0159ovsk\u00fd typ klenby bol pou\u017eit\u00fd napr. v Chr\u00e1me sv. V\u00edta v\u00a0Prahe<\/h6>\n<p><span style=\"color: #0000ff;\"><a style=\"color: #0000ff;\" href=\"http:\/\/nd01.jxs.cz\/961\/616\/d7ada95f43_36515597_o2.jpg\">http:\/\/nd01.jxs.cz\/961\/616\/d7ada95f43_36515597_o2.jpg<\/a><\/span><\/p>\n<p><span style=\"color: #0000ff;\"><a style=\"color: #0000ff;\" href=\"http:\/\/cs.wikipedia.org\/wiki\/Petr_Parl%C3%A9%C5%99\">http:\/\/cs.wikipedia.org\/wiki\/Petr_Parl%C3%A9%C5%99<\/a><\/span><\/p>\n\n","protected":false},"excerpt":{"rendered":"<p>Dne\u0161n\u00fd kostol sv. Anny vo Vinnom &#8211; poch\u00e1dza z konca 13. storo\u010dia. Je ranogotick\u00fd, katol\u00edcky kostol. Predpoklad\u00e1 sa, \u017ee to nebol prv\u00fd kostol vo Vinnom. Vieme, \u017ee v\u00a0roku 1340 v \u0148om p\u00f4sobil katol\u00edcky far\u00e1r a \u017ee kostol mal v roku 1374 e\u0161te dreven\u00fa ve\u017eu so zvonom. V\u00a0roku 1332\u00a0 pod\u013ea p\u00edsomnej zmienky bol kostol\u00edk zasv\u00e4ten\u00fd sv. [&hellip;]<\/p>\n","protected":false},"author":1,"featured_media":0,"parent":0,"menu_order":0,"comment_status":"closed","ping_status":"closed","template":"","meta":{"_monsterinsights_skip_tracking":false,"_monsterinsights_sitenote_active":false,"_monsterinsights_sitenote_note":"","_monsterinsights_sitenote_category":0,"footnotes":""},"class_list":["post-1063","page","type-page","status-publish","hentry"],"_links":{"self":[{"href":"https:\/\/farnostvinne.sk\/index.php?rest_route=\/wp\/v2\/pages\/1063","targetHints":{"allow":["GET"]}}],"collection":[{"href":"https:\/\/farnostvinne.sk\/index.php?rest_route=\/wp\/v2\/pages"}],"about":[{"href":"https:\/\/farnostvinne.sk\/index.php?rest_route=\/wp\/v2\/types\/page"}],"author":[{"embeddable":true,"href":"https:\/\/farnostvinne.sk\/index.php?rest_route=\/wp\/v2\/users\/1"}],"replies":[{"embeddable":true,"href":"https:\/\/farnostvinne.sk\/index.php?rest_route=%2Fwp%2Fv2%2Fcomments&post=1063"}],"version-history":[{"count":5,"href":"https:\/\/farnostvinne.sk\/index.php?rest_route=\/wp\/v2\/pages\/1063\/revisions"}],"predecessor-version":[{"id":1368,"href":"https:\/\/farnostvinne.sk\/index.php?rest_route=\/wp\/v2\/pages\/1063\/revisions\/1368"}],"wp:attachment":[{"href":"https:\/\/farnostvinne.sk\/index.php?rest_route=%2Fwp%2Fv2%2Fmedia&parent=1063"}],"curies":[{"name":"wp","href":"https:\/\/api.w.org\/{rel}","templated":true}]}}